{"id":8129,"date":"2025-03-19T17:27:22","date_gmt":"2025-03-19T16:27:22","guid":{"rendered":"https:\/\/www.orchestralkit.film\/pixelles\/?page_id=8129"},"modified":"2025-03-19T17:35:36","modified_gmt":"2025-03-19T16:35:36","slug":"conditions-generales-de-vente","status":"publish","type":"page","link":"https:\/\/www.orchestralkit.film\/pixelles\/conditions-generales-de-vente\/","title":{"rendered":"Conditions G\u00e9n\u00e9rales de Vente"},"content":{"rendered":"\t\t<div data-elementor-type=\"wp-page\" data-elementor-id=\"8129\" class=\"elementor elementor-8129\" data-elementor-post-type=\"page\">\n\t\t\t\t\t\t<section class=\"elementor-section elementor-top-section elementor-element elementor-element-a26ea48 elementor-section-boxed elementor-section-height-default elementor-section-height-default\" data-id=\"a26ea48\" data-element_type=\"section\">\n\t\t\t\t\t\t<div class=\"elementor-container elementor-column-gap-default\">\n\t\t\t\t\t<div class=\"elementor-column elementor-col-100 elementor-top-column elementor-element elementor-element-7824832\" data-id=\"7824832\" data-element_type=\"column\">\n\t\t\t<div class=\"elementor-widget-wrap elementor-element-populated\">\n\t\t\t\t\t\t<div class=\"elementor-element elementor-element-95fcfb9 elementor-widget elementor-widget-heading\" data-id=\"95fcfb9\" data-element_type=\"widget\" data-widget_type=\"heading.default\">\n\t\t\t\t<div class=\"elementor-widget-container\">\n\t\t\t\t\t<h1 class=\"elementor-heading-title elementor-size-default\">Conditions G\u00e9n\u00e9rales de Vente<\/h1>\t\t\t\t<\/div>\n\t\t\t\t<\/div>\n\t\t\t\t\t<\/div>\n\t\t<\/div>\n\t\t\t\t\t<\/div>\n\t\t<\/section>\n\t\t\t\t<section class=\"elementor-section elementor-top-section elementor-element elementor-element-9ea5b75 elementor-section-boxed elementor-section-height-default elementor-section-height-default\" data-id=\"9ea5b75\" data-element_type=\"section\">\n\t\t\t\t\t\t<div class=\"elementor-container elementor-column-gap-default\">\n\t\t\t\t\t<div class=\"elementor-column elementor-col-100 elementor-top-column elementor-element elementor-element-325cccf\" data-id=\"325cccf\" data-element_type=\"column\">\n\t\t\t<div class=\"elementor-widget-wrap elementor-element-populated\">\n\t\t\t\t\t\t<div class=\"elementor-element elementor-element-70abd2f elementor-widget elementor-widget-text-editor\" data-id=\"70abd2f\" data-element_type=\"widget\" data-widget_type=\"text-editor.default\">\n\t\t\t\t<div class=\"elementor-widget-container\">\n\t\t\t\t\t\t\t\t\t<p><strong>CD \u201cPIX\u2019ELLES RHAPSODY\u201d<\/strong><\/p><p><em>Derni\u00e8re mise \u00e0 jour : 19 mars 2025<\/em><\/p><h2>1. Informations l\u00e9gales<\/h2><p>Le CD Pix\u2019Elles Rhapsody est vendu par :<\/p><p>Nom : Philippe KADOSCH<br \/>Adresse : 7 rue Pierre Curie, 94110 Arcueil, France<br \/>SIRET : 387 515 851 00021<br \/>TVA : Non assujetti \u00e0 la TVA<\/p><p>Pour toute question, contactez-nous \u00e0 <a href=\"mailto:kadosch@orchestralkit.film\">kadosch@orchestralkit.film<\/a><\/p><h2>2. Commande et paiement<\/h2><p>Commande : Le CD est disponible sur <a href=\"https:\/\/www.orchestralkit.film\/pixelles\">www.orchestralkit.film\/pixelles<\/a> et peut \u00eatre command\u00e9 en ligne.<br \/>Prix : Indiqu\u00e9 sur le site, en euros.<br \/>Paiement : Carte bancaire, PayPal ou virement bancaire.<br \/>Facturation : Une facture est envoy\u00e9e par email apr\u00e8s confirmation du paiement.<\/p><h2>3. Livraison<\/h2><p>Frais de port inclus pour toutes destinations.<\/p><h2>4. Droit de r\u00e9tractation<\/h2><p>Vous avez 14 jours apr\u00e8s r\u00e9ception du CD pour changer d\u2019avis et demander un retour.<br \/>Condition : Le CD doit \u00eatre non ouvert et dans son emballage d\u2019origine.<br \/>Proc\u00e9dure : Contactez-nous \u00e0 <a href=\"mailto:kadosch@orchestralkit.film\">kadosch@orchestralkit.film<\/a> pour organiser le retour.<br \/>Frais de retour : \u00c0 votre charge.<br \/>Remboursement : Sous 14 jours apr\u00e8s r\u00e9ception du retour.<\/p><h2>5. Garanties<\/h2><p>Produit d\u00e9fectueux ? Vous b\u00e9n\u00e9ficiez de la garantie l\u00e9gale (\u00e9change ou remboursement).<br \/>Contactez-nous \u00e0 <a href=\"mailto:kadosch@orchestralkit.film\">kadosch@orchestralkit.film<\/a> pour toute r\u00e9clamation.<\/p><h2>6. Propri\u00e9t\u00e9 intellectuelle<\/h2><p>Le CD Pix\u2019Elles Rhapsody et son contenu (musique, visuels) sont prot\u00e9g\u00e9s par le droit d\u2019auteur.<br \/>Toute copie, diffusion ou modification sans autorisation est interdite.<\/p><h2>7. Litiges<\/h2><p>En cas de probl\u00e8me, contactez-nous d\u2019abord pour une solution amiable.<br \/>Si aucun accord n\u2019est trouv\u00e9, les tribunaux fran\u00e7ais seront comp\u00e9tents.<\/p><h2>8. Acceptation des conditions<\/h2><p>En passant commande, vous acceptez ces conditions g\u00e9n\u00e9rales de vente.<\/p><p>Fait \u00e0 Arcueil, le 19 mars 2025<br \/>Philippe KADOSCH<br \/>SIRET 387 515 851 00021 \u2013 TVA non assujetti<\/p>\t\t\t\t\t\t\t\t<\/div>\n\t\t\t\t<\/div>\n\t\t\t\t\t<\/div>\n\t\t<\/div>\n\t\t\t\t\t<\/div>\n\t\t<\/section>\n\t\t\t\t<\/div>\n\t\t","protected":false},"excerpt":{"rendered":"<p>Conditions G\u00e9n\u00e9rales de Vente CD \u201cPIX\u2019ELLES RHAPSODY\u201d Derni\u00e8re mise \u00e0 jour : 19 mars 2025 1. Informations l\u00e9gales Le CD Pix\u2019Elles Rhapsody est vendu par : Nom : Philippe KADOSCHAdresse : 7 rue Pierre Curie, 94110 Arcueil, FranceSIRET : 387 515 851 00021TVA : Non assujetti \u00e0 la TVA Pour toute question, contactez-nous \u00e0 kadosch@orchestralkit.film [&hellip;]<\/p>\n","protected":false},"author":1,"featured_media":0,"parent":0,"menu_order":0,"comment_status":"closed","ping_status":"closed","template":"","meta":{"site-sidebar-layout":"no-sidebar","site-content-layout":"page-builder","ast-site-content-layout":"full-width-container","site-content-style":"default","site-sidebar-style":"default","ast-global-header-display":"","ast-banner-title-visibility":"","ast-main-header-display":"","ast-hfb-above-header-display":"","ast-hfb-below-header-display":"","ast-hfb-mobile-header-display":"","site-post-title":"disabled","ast-breadcrumbs-content":"","ast-featured-img":"disabled","footer-sml-layout":"","theme-transparent-header-meta":"default","adv-header-id-meta":"","stick-header-meta":"","header-above-stick-meta":"","header-main-stick-meta":"","header-below-stick-meta":"","astra-migrate-meta-layouts":"set","ast-page-background-enabled":"default","ast-page-background-meta":{"desktop":{"background-color":"var(--ast-global-color-4)","background-image":"","background-repeat":"repeat","background-position":"center center","background-size":"auto","background-attachment":"scroll","background-type":"","background-media":"","overlay-type":"","overlay-color":"","overlay-opacity":"","overlay-gradient":""},"tablet":{"background-color":"","background-image":"","background-repeat":"repeat","background-position":"center center","background-size":"auto","background-attachment":"scroll","background-type":"","background-media":"","overlay-type":"","overlay-color":"","overlay-opacity":"","overlay-gradient":""},"mobile":{"background-color":"","background-image":"","background-repeat":"repeat","background-position":"center center","background-size":"auto","background-attachment":"scroll","background-type":"","background-media":"","overlay-type":"","overlay-color":"","overlay-opacity":"","overlay-gradient":""}},"ast-content-background-meta":{"desktop":{"background-color":"var(--ast-global-color-5)","background-image":"","background-repeat":"repeat","background-position":"center center","background-size":"auto","background-attachment":"scroll","background-type":"","background-media":"","overlay-type":"","overlay-color":"","overlay-opacity":"","overlay-gradient":""},"tablet":{"background-color":"var(--ast-global-color-5)","background-image":"","background-repeat":"repeat","background-position":"center center","background-size":"auto","background-attachment":"scroll","background-type":"","background-media":"","overlay-type":"","overlay-color":"","overlay-opacity":"","overlay-gradient":""},"mobile":{"background-color":"var(--ast-global-color-5)","background-image":"","background-repeat":"repeat","background-position":"center center","background-size":"auto","background-attachment":"scroll","background-type":"","background-media":"","overlay-type":"","overlay-color":"","overlay-opacity":"","overlay-gradient":""}},"footnotes":""},"class_list":["post-8129","page","type-page","status-publish","hentry"],"yoast_head":"<!-- This site is optimized with the Yoast SEO plugin v26.3 - https:\/\/yoast.com\/wordpress\/plugins\/seo\/ -->\n<title>Conditions G\u00e9n\u00e9rales de Vente - KADOSCH Pix&#039;Elles Rhapsody<\/title>\n<meta name=\"robots\" content=\"index, follow, max-snippet:-1, max-image-preview:large, max-video-preview:-1\" \/>\n<link rel=\"canonical\" href=\"https:\/\/www.orchestralkit.film\/pixelles\/conditions-generales-de-vente\/\" \/>\n<meta property=\"og:locale\" content=\"fr_FR\" \/>\n<meta property=\"og:type\" content=\"article\" \/>\n<meta property=\"og:title\" content=\"Conditions G\u00e9n\u00e9rales de Vente - KADOSCH Pix&#039;Elles Rhapsody\" \/>\n<meta property=\"og:description\" content=\"Conditions G\u00e9n\u00e9rales de Vente CD \u201cPIX\u2019ELLES RHAPSODY\u201d Derni\u00e8re mise \u00e0 jour : 19 mars 2025 1. Informations l\u00e9gales Le CD Pix\u2019Elles Rhapsody est vendu par : Nom : Philippe KADOSCHAdresse : 7 rue Pierre Curie, 94110 Arcueil, FranceSIRET : 387 515 851 00021TVA : Non assujetti \u00e0 la TVA Pour toute question, contactez-nous \u00e0 kadosch@orchestralkit.film [&hellip;]\" \/>\n<meta property=\"og:url\" content=\"https:\/\/www.orchestralkit.film\/pixelles\/conditions-generales-de-vente\/\" \/>\n<meta property=\"og:site_name\" content=\"KADOSCH Pix&#039;Elles Rhapsody\" \/>\n<meta property=\"article:modified_time\" content=\"2025-03-19T16:35:36+00:00\" \/>\n<meta name=\"twitter:card\" content=\"summary_large_image\" \/>\n<meta name=\"twitter:label1\" content=\"Dur\u00e9e de lecture estim\u00e9e\" \/>\n\t<meta name=\"twitter:data1\" content=\"2 minutes\" \/>\n<script type=\"application\/ld+json\" class=\"yoast-schema-graph\">{\"@context\":\"https:\/\/schema.org\",\"@graph\":[{\"@type\":\"WebPage\",\"@id\":\"https:\/\/www.orchestralkit.film\/pixelles\/conditions-generales-de-vente\/\",\"url\":\"https:\/\/www.orchestralkit.film\/pixelles\/conditions-generales-de-vente\/\",\"name\":\"Conditions G\u00e9n\u00e9rales de Vente - KADOSCH Pix&#039;Elles Rhapsody\",\"isPartOf\":{\"@id\":\"https:\/\/www.orchestralkit.film\/pixelles\/#website\"},\"datePublished\":\"2025-03-19T16:27:22+00:00\",\"dateModified\":\"2025-03-19T16:35:36+00:00\",\"breadcrumb\":{\"@id\":\"https:\/\/www.orchestralkit.film\/pixelles\/conditions-generales-de-vente\/#breadcrumb\"},\"inLanguage\":\"fr-FR\",\"potentialAction\":[{\"@type\":\"ReadAction\",\"target\":[\"https:\/\/www.orchestralkit.film\/pixelles\/conditions-generales-de-vente\/\"]}]},{\"@type\":\"BreadcrumbList\",\"@id\":\"https:\/\/www.orchestralkit.film\/pixelles\/conditions-generales-de-vente\/#breadcrumb\",\"itemListElement\":[{\"@type\":\"ListItem\",\"position\":1,\"name\":\"Accueil\",\"item\":\"https:\/\/www.orchestralkit.film\/pixelles\/\"},{\"@type\":\"ListItem\",\"position\":2,\"name\":\"Conditions G\u00e9n\u00e9rales de Vente\"}]},{\"@type\":\"WebSite\",\"@id\":\"https:\/\/www.orchestralkit.film\/pixelles\/#website\",\"url\":\"https:\/\/www.orchestralkit.film\/pixelles\/\",\"name\":\"KADOSCH Pix'Elles Rhapsody\",\"description\":\"\",\"publisher\":{\"@id\":\"https:\/\/www.orchestralkit.film\/pixelles\/#organization\"},\"potentialAction\":[{\"@type\":\"SearchAction\",\"target\":{\"@type\":\"EntryPoint\",\"urlTemplate\":\"https:\/\/www.orchestralkit.film\/pixelles\/?s={search_term_string}\"},\"query-input\":{\"@type\":\"PropertyValueSpecification\",\"valueRequired\":true,\"valueName\":\"search_term_string\"}}],\"inLanguage\":\"fr-FR\"},{\"@type\":\"Organization\",\"@id\":\"https:\/\/www.orchestralkit.film\/pixelles\/#organization\",\"name\":\"KADOSCH Pix'Elles Rhapsody\",\"url\":\"https:\/\/www.orchestralkit.film\/pixelles\/\",\"logo\":{\"@type\":\"ImageObject\",\"inLanguage\":\"fr-FR\",\"@id\":\"https:\/\/www.orchestralkit.film\/pixelles\/#\/schema\/logo\/image\/\",\"url\":\"https:\/\/www.orchestralkit.film\/pixelles\/wp-content\/uploads\/2022\/07\/cropped-ENTETE-PIXELLES-KADOSCH-1.png\",\"contentUrl\":\"https:\/\/www.orchestralkit.film\/pixelles\/wp-content\/uploads\/2022\/07\/cropped-ENTETE-PIXELLES-KADOSCH-1.png\",\"width\":350,\"height\":100,\"caption\":\"KADOSCH Pix'Elles Rhapsody\"},\"image\":{\"@id\":\"https:\/\/www.orchestralkit.film\/pixelles\/#\/schema\/logo\/image\/\"}}]}<\/script>\n<!-- \/ Yoast SEO plugin. -->","yoast_head_json":{"title":"Conditions G\u00e9n\u00e9rales de Vente - KADOSCH Pix&#039;Elles Rhapsody","robots":{"index":"index","follow":"follow","max-snippet":"max-snippet:-1","max-image-preview":"max-image-preview:large","max-video-preview":"max-video-preview:-1"},"canonical":"https:\/\/www.orchestralkit.film\/pixelles\/conditions-generales-de-vente\/","og_locale":"fr_FR","og_type":"article","og_title":"Conditions G\u00e9n\u00e9rales de Vente - KADOSCH Pix&#039;Elles Rhapsody","og_description":"Conditions G\u00e9n\u00e9rales de Vente CD \u201cPIX\u2019ELLES RHAPSODY\u201d Derni\u00e8re mise \u00e0 jour : 19 mars 2025 1. Informations l\u00e9gales Le CD Pix\u2019Elles Rhapsody est vendu par : Nom : Philippe KADOSCHAdresse : 7 rue Pierre Curie, 94110 Arcueil, FranceSIRET : 387 515 851 00021TVA : Non assujetti \u00e0 la TVA Pour toute question, contactez-nous \u00e0 kadosch@orchestralkit.film [&hellip;]","og_url":"https:\/\/www.orchestralkit.film\/pixelles\/conditions-generales-de-vente\/","og_site_name":"KADOSCH Pix&#039;Elles Rhapsody","article_modified_time":"2025-03-19T16:35:36+00:00","twitter_card":"summary_large_image","twitter_misc":{"Dur\u00e9e de lecture estim\u00e9e":"2 minutes"},"schema":{"@context":"https:\/\/schema.org","@graph":[{"@type":"WebPage","@id":"https:\/\/www.orchestralkit.film\/pixelles\/conditions-generales-de-vente\/","url":"https:\/\/www.orchestralkit.film\/pixelles\/conditions-generales-de-vente\/","name":"Conditions G\u00e9n\u00e9rales de Vente - KADOSCH Pix&#039;Elles Rhapsody","isPartOf":{"@id":"https:\/\/www.orchestralkit.film\/pixelles\/#website"},"datePublished":"2025-03-19T16:27:22+00:00","dateModified":"2025-03-19T16:35:36+00:00","breadcrumb":{"@id":"https:\/\/www.orchestralkit.film\/pixelles\/conditions-generales-de-vente\/#breadcrumb"},"inLanguage":"fr-FR","potentialAction":[{"@type":"ReadAction","target":["https:\/\/www.orchestralkit.film\/pixelles\/conditions-generales-de-vente\/"]}]},{"@type":"BreadcrumbList","@id":"https:\/\/www.orchestralkit.film\/pixelles\/conditions-generales-de-vente\/#breadcrumb","itemListElement":[{"@type":"ListItem","position":1,"name":"Accueil","item":"https:\/\/www.orchestralkit.film\/pixelles\/"},{"@type":"ListItem","position":2,"name":"Conditions G\u00e9n\u00e9rales de Vente"}]},{"@type":"WebSite","@id":"https:\/\/www.orchestralkit.film\/pixelles\/#website","url":"https:\/\/www.orchestralkit.film\/pixelles\/","name":"KADOSCH Pix'Elles Rhapsody","description":"","publisher":{"@id":"https:\/\/www.orchestralkit.film\/pixelles\/#organization"},"potentialAction":[{"@type":"SearchAction","target":{"@type":"EntryPoint","urlTemplate":"https:\/\/www.orchestralkit.film\/pixelles\/?s={search_term_string}"},"query-input":{"@type":"PropertyValueSpecification","valueRequired":true,"valueName":"search_term_string"}}],"inLanguage":"fr-FR"},{"@type":"Organization","@id":"https:\/\/www.orchestralkit.film\/pixelles\/#organization","name":"KADOSCH Pix'Elles Rhapsody","url":"https:\/\/www.orchestralkit.film\/pixelles\/","logo":{"@type":"ImageObject","inLanguage":"fr-FR","@id":"https:\/\/www.orchestralkit.film\/pixelles\/#\/schema\/logo\/image\/","url":"https:\/\/www.orchestralkit.film\/pixelles\/wp-content\/uploads\/2022\/07\/cropped-ENTETE-PIXELLES-KADOSCH-1.png","contentUrl":"https:\/\/www.orchestralkit.film\/pixelles\/wp-content\/uploads\/2022\/07\/cropped-ENTETE-PIXELLES-KADOSCH-1.png","width":350,"height":100,"caption":"KADOSCH Pix'Elles Rhapsody"},"image":{"@id":"https:\/\/www.orchestralkit.film\/pixelles\/#\/schema\/logo\/image\/"}}]}},"_links":{"self":[{"href":"https:\/\/www.orchestralkit.film\/pixelles\/wp-json\/wp\/v2\/pages\/8129","targetHints":{"allow":["GET"]}}],"collection":[{"href":"https:\/\/www.orchestralkit.film\/pixelles\/wp-json\/wp\/v2\/pages"}],"about":[{"href":"https:\/\/www.orchestralkit.film\/pixelles\/wp-json\/wp\/v2\/types\/page"}],"author":[{"embeddable":true,"href":"https:\/\/www.orchestralkit.film\/pixelles\/wp-json\/wp\/v2\/users\/1"}],"replies":[{"embeddable":true,"href":"https:\/\/www.orchestralkit.film\/pixelles\/wp-json\/wp\/v2\/comments?post=8129"}],"version-history":[{"count":4,"href":"https:\/\/www.orchestralkit.film\/pixelles\/wp-json\/wp\/v2\/pages\/8129\/revisions"}],"predecessor-version":[{"id":8134,"href":"https:\/\/www.orchestralkit.film\/pixelles\/wp-json\/wp\/v2\/pages\/8129\/revisions\/8134"}],"wp:attachment":[{"href":"https:\/\/www.orchestralkit.film\/pixelles\/wp-json\/wp\/v2\/media?parent=8129"}],"curies":[{"name":"wp","href":"https:\/\/api.w.org\/{rel}","templated":true}]}}