{"id":8,"date":"2022-04-04T16:08:25","date_gmt":"2022-04-04T14:08:25","guid":{"rendered":"https:\/\/www.orchestralkit.film\/pixelles\/?page_id=8"},"modified":"2025-06-19T11:21:03","modified_gmt":"2025-06-19T09:21:03","slug":"pix-elles-rhapsody-une-experience-unique-en-realite-augmentee","status":"publish","type":"page","link":"https:\/\/www.orchestralkit.film\/pixelles\/","title":{"rendered":"Pix&rsquo;Elles Rhapsody, une exp\u00e9rience unique en r\u00e9alit\u00e9 augment\u00e9e"},"content":{"rendered":"\t\t<div data-elementor-type=\"wp-page\" data-elementor-id=\"8\" class=\"elementor elementor-8\" data-elementor-post-type=\"page\">\n\t\t\t\t\t\t<section class=\"elementor-section elementor-top-section elementor-element elementor-element-eaf8cf1 elementor-section-boxed elementor-section-height-default elementor-section-height-default\" data-id=\"eaf8cf1\" data-element_type=\"section\">\n\t\t\t\t\t\t<div class=\"elementor-container elementor-column-gap-default\">\n\t\t\t\t\t<div class=\"elementor-column elementor-col-100 elementor-top-column elementor-element elementor-element-623b86c\" data-id=\"623b86c\" data-element_type=\"column\">\n\t\t\t<div class=\"elementor-widget-wrap elementor-element-populated\">\n\t\t\t\t\t\t<div class=\"elementor-element elementor-element-0240e58 elementor-widget elementor-widget-heading\" data-id=\"0240e58\" data-element_type=\"widget\" data-widget_type=\"heading.default\">\n\t\t\t\t<div class=\"elementor-widget-container\">\n\t\t\t\t\t<h1 class=\"elementor-heading-title elementor-size-default\">Pix'Elles Rhapsody, une exp\u00e9rience unique en r\u00e9alit\u00e9 augment\u00e9e<\/h1>\t\t\t\t<\/div>\n\t\t\t\t<\/div>\n\t\t\t\t\t<\/div>\n\t\t<\/div>\n\t\t\t\t\t<\/div>\n\t\t<\/section>\n\t\t\t\t<section class=\"elementor-section elementor-top-section elementor-element elementor-element-8348625 elementor-section-boxed elementor-section-height-default elementor-section-height-default\" data-id=\"8348625\" data-element_type=\"section\">\n\t\t\t\t\t\t<div class=\"elementor-container elementor-column-gap-default\">\n\t\t\t\t\t<div class=\"elementor-column elementor-col-100 elementor-top-column elementor-element elementor-element-e46c7b7\" data-id=\"e46c7b7\" data-element_type=\"column\">\n\t\t\t<div class=\"elementor-widget-wrap elementor-element-populated\">\n\t\t\t\t\t\t<div class=\"elementor-element elementor-element-83f5053 elementor-widget elementor-widget-video\" data-id=\"83f5053\" data-element_type=\"widget\" data-settings=\"{&quot;youtube_url&quot;:&quot;https:\\\/\\\/www.youtube.com\\\/watch?v=8ViEAi1rjXQ&quot;,&quot;video_type&quot;:&quot;youtube&quot;,&quot;controls&quot;:&quot;yes&quot;}\" data-widget_type=\"video.default\">\n\t\t\t\t<div class=\"elementor-widget-container\">\n\t\t\t\t\t\t\t<div class=\"elementor-wrapper elementor-open-inline\">\n\t\t\t<div class=\"elementor-video\"><\/div>\t\t<\/div>\n\t\t\t\t\t\t<\/div>\n\t\t\t\t<\/div>\n\t\t\t\t\t<\/div>\n\t\t<\/div>\n\t\t\t\t\t<\/div>\n\t\t<\/section>\n\t\t\t\t<section class=\"elementor-section elementor-top-section elementor-element elementor-element-636627d elementor-section-boxed elementor-section-height-default elementor-section-height-default\" data-id=\"636627d\" data-element_type=\"section\">\n\t\t\t\t\t\t<div class=\"elementor-container elementor-column-gap-default\">\n\t\t\t\t\t<div class=\"elementor-column elementor-col-100 elementor-top-column elementor-element elementor-element-311272e\" data-id=\"311272e\" data-element_type=\"column\">\n\t\t\t<div class=\"elementor-widget-wrap elementor-element-populated\">\n\t\t\t\t\t\t<section class=\"elementor-section elementor-inner-section elementor-element elementor-element-ee313bb elementor-section-boxed elementor-section-height-default elementor-section-height-default\" data-id=\"ee313bb\" data-element_type=\"section\">\n\t\t\t\t\t\t<div class=\"elementor-container elementor-column-gap-default\">\n\t\t\t\t\t<div class=\"elementor-column elementor-col-100 elementor-inner-column elementor-element elementor-element-259fcdc\" data-id=\"259fcdc\" data-element_type=\"column\">\n\t\t\t<div class=\"elementor-widget-wrap elementor-element-populated\">\n\t\t\t\t\t\t<div class=\"elementor-element elementor-element-8f629e4 elementor-widget elementor-widget-heading\" data-id=\"8f629e4\" data-element_type=\"widget\" data-widget_type=\"heading.default\">\n\t\t\t\t<div class=\"elementor-widget-container\">\n\t\t\t\t\t<h2 class=\"elementor-heading-title elementor-size-default\">Un digipack musical en r\u00e9alit\u00e9e augment\u00e9e<\/h2>\t\t\t\t<\/div>\n\t\t\t\t<\/div>\n\t\t\t\t<div class=\"elementor-element elementor-element-73d56e8 elementor-widget elementor-widget-text-editor\" data-id=\"73d56e8\" data-element_type=\"widget\" data-widget_type=\"text-editor.default\">\n\t\t\t\t<div class=\"elementor-widget-container\">\n\t\t\t\t\t\t\t\t\t\u00ab\u00a0Pix\u2019Elles Rhapsody\u00a0\u00bb est une \u0153uvre artistique qui d\u00e9passe le format traditionnel du CD en combinant musique, technologie et art visuel \u00e0 travers son <em><a href=\"https:\/\/www.orchestralkit.film\/pixelles\/pixipack-un-digital-enrichi-par-la-magie-de-la-realite-augmentee\/\">Pixipack<\/a><\/em>, un digipack enrichi par la r\u00e9alit\u00e9 augment\u00e9e. Ce projet ambitionne de transcender les limites de l\u2019exp\u00e9rience musicale classique en int\u00e9grant r\u00e9alit\u00e9 augment\u00e9e et intelligence artificielle. Gr\u00e2ce \u00e0 ces innovations, l\u2019album offre un kal\u00e9idoscope sonore et visuel fascinant o\u00f9 chaque note, chaque voix et chaque image se fondent pour cr\u00e9er une exp\u00e9rience immersive unique. L\u2019initiative invite musiciens, artistes visuels et amateurs de musique \u00e0 s&rsquo;immerger dans un monde cr\u00e9atif o\u00f9 technologie et art fusionnent pour donner naissance \u00e0 une \u0153uvre v\u00e9ritablement nouvelle et inspirante.\t\t\t\t\t\t\t\t<\/div>\n\t\t\t\t<\/div>\n\t\t\t\t\t<\/div>\n\t\t<\/div>\n\t\t\t\t\t<\/div>\n\t\t<\/section>\n\t\t\t\t<div class=\"elementor-element elementor-element-1fd5633 elementor-widget elementor-widget-image\" data-id=\"1fd5633\" data-element_type=\"widget\" data-widget_type=\"image.default\">\n\t\t\t\t<div class=\"elementor-widget-container\">\n\t\t\t\t\t\t\t\t\t\t\t\t\t\t\t<img fetchpriority=\"high\" decoding=\"async\" width=\"1024\" height=\"736\" src=\"https:\/\/www.orchestralkit.film\/pixelles\/wp-content\/uploads\/2022\/10\/Kadosch-PixellesCover.jpg\" class=\"attachment-large size-large wp-image-3950\" alt=\"\" srcset=\"https:\/\/www.orchestralkit.film\/pixelles\/wp-content\/uploads\/2022\/10\/Kadosch-PixellesCover.jpg 1024w, https:\/\/www.orchestralkit.film\/pixelles\/wp-content\/uploads\/2022\/10\/Kadosch-PixellesCover-300x216.jpg 300w, https:\/\/www.orchestralkit.film\/pixelles\/wp-content\/uploads\/2022\/10\/Kadosch-PixellesCover-768x552.jpg 768w, https:\/\/www.orchestralkit.film\/pixelles\/wp-content\/uploads\/2022\/10\/Kadosch-PixellesCover-600x431.jpg 600w\" sizes=\"(max-width: 1024px) 100vw, 1024px\" \/>\t\t\t\t\t\t\t\t\t\t\t\t\t\t\t<\/div>\n\t\t\t\t<\/div>\n\t\t\t\t\t<\/div>\n\t\t<\/div>\n\t\t\t\t\t<\/div>\n\t\t<\/section>\n\t\t\t\t<\/div>\n\t\t","protected":false},"excerpt":{"rendered":"<p>Pix&rsquo;Elles Rhapsody, une exp\u00e9rience unique en r\u00e9alit\u00e9 augment\u00e9e Un digipack musical en r\u00e9alit\u00e9e augment\u00e9e \u00ab\u00a0Pix\u2019Elles Rhapsody\u00a0\u00bb est une \u0153uvre artistique qui d\u00e9passe le format traditionnel du CD en combinant musique, technologie et art visuel \u00e0 travers son Pixipack, un digipack enrichi par la r\u00e9alit\u00e9 augment\u00e9e. Ce projet ambitionne de transcender les limites de l\u2019exp\u00e9rience musicale [&hellip;]<\/p>\n","protected":false},"author":1,"featured_media":0,"parent":0,"menu_order":0,"comment_status":"closed","ping_status":"closed","template":"elementor_header_footer","meta":{"site-sidebar-layout":"no-sidebar","site-content-layout":"page-builder","ast-site-content-layout":"default","site-content-style":"default","site-sidebar-style":"default","ast-global-header-display":"","ast-banner-title-visibility":"","ast-main-header-display":"","ast-hfb-above-header-display":"","ast-hfb-below-header-display":"","ast-hfb-mobile-header-display":"","site-post-title":"disabled","ast-breadcrumbs-content":"","ast-featured-img":"disabled","footer-sml-layout":"","theme-transparent-header-meta":"","adv-header-id-meta":"","stick-header-meta":"","header-above-stick-meta":"","header-main-stick-meta":"","header-below-stick-meta":"","astra-migrate-meta-layouts":"set","ast-page-background-enabled":"default","ast-page-background-meta":{"desktop":{"background-color":"var(--ast-global-color-4)","background-image":"","background-repeat":"repeat","background-position":"center center","background-size":"auto","background-attachment":"scroll","background-type":"","background-media":"","overlay-type":"","overlay-color":"","overlay-opacity":"","overlay-gradient":""},"tablet":{"background-color":"","background-image":"","background-repeat":"repeat","background-position":"center center","background-size":"auto","background-attachment":"scroll","background-type":"","background-media":"","overlay-type":"","overlay-color":"","overlay-opacity":"","overlay-gradient":""},"mobile":{"background-color":"","background-image":"","background-repeat":"repeat","background-position":"center center","background-size":"auto","background-attachment":"scroll","background-type":"","background-media":"","overlay-type":"","overlay-color":"","overlay-opacity":"","overlay-gradient":""}},"ast-content-background-meta":{"desktop":{"background-color":"var(--ast-global-color-5)","background-image":"","background-repeat":"repeat","background-position":"center center","background-size":"auto","background-attachment":"scroll","background-type":"","background-media":"","overlay-type":"","overlay-color":"","overlay-opacity":"","overlay-gradient":""},"tablet":{"background-color":"var(--ast-global-color-5)","background-image":"","background-repeat":"repeat","background-position":"center center","background-size":"auto","background-attachment":"scroll","background-type":"","background-media":"","overlay-type":"","overlay-color":"","overlay-opacity":"","overlay-gradient":""},"mobile":{"background-color":"var(--ast-global-color-5)","background-image":"","background-repeat":"repeat","background-position":"center center","background-size":"auto","background-attachment":"scroll","background-type":"","background-media":"","overlay-type":"","overlay-color":"","overlay-opacity":"","overlay-gradient":""}},"footnotes":""},"class_list":["post-8","page","type-page","status-publish","hentry"],"yoast_head":"<!-- This site is optimized with the Yoast SEO plugin v26.3 - https:\/\/yoast.com\/wordpress\/plugins\/seo\/ -->\n<title>Pix&#039;Elles Rhapsody, une exp\u00e9rience unique en r\u00e9alit\u00e9 augment\u00e9e - KADOSCH Pix&#039;Elles Rhapsody<\/title>\n<meta name=\"description\" content=\"Pix&#039;Elles Rhapsody \u00bb est une cr\u00e9ation artistique novatrice en r\u00e9alit\u00e9 augment\u00e9e qui ouvre une nouvelle \u00e8re au-del\u00e0 du CD traditionnel en fusionnant la musique, la technologie et l&#039;art visuel \u00e0 travers son Pixipack, un digipack enrichi par la magie de la r\u00e9alit\u00e9 augment\u00e9e.\" \/>\n<meta name=\"robots\" content=\"index, follow, max-snippet:-1, max-image-preview:large, max-video-preview:-1\" \/>\n<link rel=\"canonical\" href=\"https:\/\/www.orchestralkit.film\/pixelles\/\" \/>\n<meta property=\"og:locale\" content=\"fr_FR\" \/>\n<meta property=\"og:type\" content=\"article\" \/>\n<meta property=\"og:title\" content=\"Pix&#039;Elles Rhapsody, une exp\u00e9rience unique en r\u00e9alit\u00e9 augment\u00e9e - KADOSCH Pix&#039;Elles Rhapsody\" \/>\n<meta property=\"og:description\" content=\"Pix&#039;Elles Rhapsody \u00bb est une cr\u00e9ation artistique novatrice en r\u00e9alit\u00e9 augment\u00e9e qui ouvre une nouvelle \u00e8re au-del\u00e0 du CD traditionnel en fusionnant la musique, la technologie et l&#039;art visuel \u00e0 travers son Pixipack, un digipack enrichi par la magie de la r\u00e9alit\u00e9 augment\u00e9e.\" \/>\n<meta property=\"og:url\" content=\"https:\/\/www.orchestralkit.film\/pixelles\/\" \/>\n<meta property=\"og:site_name\" content=\"KADOSCH Pix&#039;Elles Rhapsody\" \/>\n<meta property=\"article:modified_time\" content=\"2025-06-19T09:21:03+00:00\" \/>\n<meta property=\"og:image\" content=\"https:\/\/www.orchestralkit.film\/pixelles\/wp-content\/uploads\/2022\/10\/Kadosch-PixellesCover.jpg\" \/>\n\t<meta property=\"og:image:width\" content=\"1024\" \/>\n\t<meta property=\"og:image:height\" content=\"736\" \/>\n\t<meta property=\"og:image:type\" content=\"image\/jpeg\" \/>\n<meta name=\"twitter:card\" content=\"summary_large_image\" \/>\n<meta name=\"twitter:label1\" content=\"Dur\u00e9e de lecture estim\u00e9e\" \/>\n\t<meta name=\"twitter:data1\" content=\"1 minute\" \/>\n<script type=\"application\/ld+json\" class=\"yoast-schema-graph\">{\"@context\":\"https:\/\/schema.org\",\"@graph\":[{\"@type\":\"WebPage\",\"@id\":\"https:\/\/www.orchestralkit.film\/pixelles\/\",\"url\":\"https:\/\/www.orchestralkit.film\/pixelles\/\",\"name\":\"Pix'Elles Rhapsody, une exp\u00e9rience unique en r\u00e9alit\u00e9 augment\u00e9e - KADOSCH Pix&#039;Elles Rhapsody\",\"isPartOf\":{\"@id\":\"https:\/\/www.orchestralkit.film\/pixelles\/#website\"},\"primaryImageOfPage\":{\"@id\":\"https:\/\/www.orchestralkit.film\/pixelles\/#primaryimage\"},\"image\":{\"@id\":\"https:\/\/www.orchestralkit.film\/pixelles\/#primaryimage\"},\"thumbnailUrl\":\"https:\/\/www.orchestralkit.film\/pixelles\/wp-content\/uploads\/2022\/10\/Kadosch-PixellesCover.jpg\",\"datePublished\":\"2022-04-04T14:08:25+00:00\",\"dateModified\":\"2025-06-19T09:21:03+00:00\",\"description\":\"Pix'Elles Rhapsody \u00bb est une cr\u00e9ation artistique novatrice en r\u00e9alit\u00e9 augment\u00e9e qui ouvre une nouvelle \u00e8re au-del\u00e0 du CD traditionnel en fusionnant la musique, la technologie et l'art visuel \u00e0 travers son Pixipack, un digipack enrichi par la magie de la r\u00e9alit\u00e9 augment\u00e9e.\",\"breadcrumb\":{\"@id\":\"https:\/\/www.orchestralkit.film\/pixelles\/#breadcrumb\"},\"inLanguage\":\"fr-FR\",\"potentialAction\":[{\"@type\":\"ReadAction\",\"target\":[\"https:\/\/www.orchestralkit.film\/pixelles\/\"]}]},{\"@type\":\"ImageObject\",\"inLanguage\":\"fr-FR\",\"@id\":\"https:\/\/www.orchestralkit.film\/pixelles\/#primaryimage\",\"url\":\"https:\/\/www.orchestralkit.film\/pixelles\/wp-content\/uploads\/2022\/10\/Kadosch-PixellesCover.jpg\",\"contentUrl\":\"https:\/\/www.orchestralkit.film\/pixelles\/wp-content\/uploads\/2022\/10\/Kadosch-PixellesCover.jpg\",\"width\":1024,\"height\":736},{\"@type\":\"BreadcrumbList\",\"@id\":\"https:\/\/www.orchestralkit.film\/pixelles\/#breadcrumb\",\"itemListElement\":[{\"@type\":\"ListItem\",\"position\":1,\"name\":\"Accueil\",\"item\":\"https:\/\/www.orchestralkit.film\/pixelles\/\"},{\"@type\":\"ListItem\",\"position\":2,\"name\":\"Pix&rsquo;Elles Rhapsody, une exp\u00e9rience unique en r\u00e9alit\u00e9 augment\u00e9e\"}]},{\"@type\":\"WebSite\",\"@id\":\"https:\/\/www.orchestralkit.film\/pixelles\/#website\",\"url\":\"https:\/\/www.orchestralkit.film\/pixelles\/\",\"name\":\"KADOSCH Pix'Elles Rhapsody\",\"description\":\"\",\"publisher\":{\"@id\":\"https:\/\/www.orchestralkit.film\/pixelles\/#organization\"},\"potentialAction\":[{\"@type\":\"SearchAction\",\"target\":{\"@type\":\"EntryPoint\",\"urlTemplate\":\"https:\/\/www.orchestralkit.film\/pixelles\/?s={search_term_string}\"},\"query-input\":{\"@type\":\"PropertyValueSpecification\",\"valueRequired\":true,\"valueName\":\"search_term_string\"}}],\"inLanguage\":\"fr-FR\"},{\"@type\":\"Organization\",\"@id\":\"https:\/\/www.orchestralkit.film\/pixelles\/#organization\",\"name\":\"KADOSCH Pix'Elles Rhapsody\",\"url\":\"https:\/\/www.orchestralkit.film\/pixelles\/\",\"logo\":{\"@type\":\"ImageObject\",\"inLanguage\":\"fr-FR\",\"@id\":\"https:\/\/www.orchestralkit.film\/pixelles\/#\/schema\/logo\/image\/\",\"url\":\"https:\/\/www.orchestralkit.film\/pixelles\/wp-content\/uploads\/2022\/07\/cropped-ENTETE-PIXELLES-KADOSCH-1.png\",\"contentUrl\":\"https:\/\/www.orchestralkit.film\/pixelles\/wp-content\/uploads\/2022\/07\/cropped-ENTETE-PIXELLES-KADOSCH-1.png\",\"width\":350,\"height\":100,\"caption\":\"KADOSCH Pix'Elles Rhapsody\"},\"image\":{\"@id\":\"https:\/\/www.orchestralkit.film\/pixelles\/#\/schema\/logo\/image\/\"}}]}<\/script>\n<!-- \/ Yoast SEO plugin. -->","yoast_head_json":{"title":"Pix'Elles Rhapsody, une exp\u00e9rience unique en r\u00e9alit\u00e9 augment\u00e9e - KADOSCH Pix&#039;Elles Rhapsody","description":"Pix'Elles Rhapsody \u00bb est une cr\u00e9ation artistique novatrice en r\u00e9alit\u00e9 augment\u00e9e qui ouvre une nouvelle \u00e8re au-del\u00e0 du CD traditionnel en fusionnant la musique, la technologie et l'art visuel \u00e0 travers son Pixipack, un digipack enrichi par la magie de la r\u00e9alit\u00e9 augment\u00e9e.","robots":{"index":"index","follow":"follow","max-snippet":"max-snippet:-1","max-image-preview":"max-image-preview:large","max-video-preview":"max-video-preview:-1"},"canonical":"https:\/\/www.orchestralkit.film\/pixelles\/","og_locale":"fr_FR","og_type":"article","og_title":"Pix'Elles Rhapsody, une exp\u00e9rience unique en r\u00e9alit\u00e9 augment\u00e9e - KADOSCH Pix&#039;Elles Rhapsody","og_description":"Pix'Elles Rhapsody \u00bb est une cr\u00e9ation artistique novatrice en r\u00e9alit\u00e9 augment\u00e9e qui ouvre une nouvelle \u00e8re au-del\u00e0 du CD traditionnel en fusionnant la musique, la technologie et l'art visuel \u00e0 travers son Pixipack, un digipack enrichi par la magie de la r\u00e9alit\u00e9 augment\u00e9e.","og_url":"https:\/\/www.orchestralkit.film\/pixelles\/","og_site_name":"KADOSCH Pix&#039;Elles Rhapsody","article_modified_time":"2025-06-19T09:21:03+00:00","og_image":[{"width":1024,"height":736,"url":"https:\/\/www.orchestralkit.film\/pixelles\/wp-content\/uploads\/2022\/10\/Kadosch-PixellesCover.jpg","type":"image\/jpeg"}],"twitter_card":"summary_large_image","twitter_misc":{"Dur\u00e9e de lecture estim\u00e9e":"1 minute"},"schema":{"@context":"https:\/\/schema.org","@graph":[{"@type":"WebPage","@id":"https:\/\/www.orchestralkit.film\/pixelles\/","url":"https:\/\/www.orchestralkit.film\/pixelles\/","name":"Pix'Elles Rhapsody, une exp\u00e9rience unique en r\u00e9alit\u00e9 augment\u00e9e - KADOSCH Pix&#039;Elles Rhapsody","isPartOf":{"@id":"https:\/\/www.orchestralkit.film\/pixelles\/#website"},"primaryImageOfPage":{"@id":"https:\/\/www.orchestralkit.film\/pixelles\/#primaryimage"},"image":{"@id":"https:\/\/www.orchestralkit.film\/pixelles\/#primaryimage"},"thumbnailUrl":"https:\/\/www.orchestralkit.film\/pixelles\/wp-content\/uploads\/2022\/10\/Kadosch-PixellesCover.jpg","datePublished":"2022-04-04T14:08:25+00:00","dateModified":"2025-06-19T09:21:03+00:00","description":"Pix'Elles Rhapsody \u00bb est une cr\u00e9ation artistique novatrice en r\u00e9alit\u00e9 augment\u00e9e qui ouvre une nouvelle \u00e8re au-del\u00e0 du CD traditionnel en fusionnant la musique, la technologie et l'art visuel \u00e0 travers son Pixipack, un digipack enrichi par la magie de la r\u00e9alit\u00e9 augment\u00e9e.","breadcrumb":{"@id":"https:\/\/www.orchestralkit.film\/pixelles\/#breadcrumb"},"inLanguage":"fr-FR","potentialAction":[{"@type":"ReadAction","target":["https:\/\/www.orchestralkit.film\/pixelles\/"]}]},{"@type":"ImageObject","inLanguage":"fr-FR","@id":"https:\/\/www.orchestralkit.film\/pixelles\/#primaryimage","url":"https:\/\/www.orchestralkit.film\/pixelles\/wp-content\/uploads\/2022\/10\/Kadosch-PixellesCover.jpg","contentUrl":"https:\/\/www.orchestralkit.film\/pixelles\/wp-content\/uploads\/2022\/10\/Kadosch-PixellesCover.jpg","width":1024,"height":736},{"@type":"BreadcrumbList","@id":"https:\/\/www.orchestralkit.film\/pixelles\/#breadcrumb","itemListElement":[{"@type":"ListItem","position":1,"name":"Accueil","item":"https:\/\/www.orchestralkit.film\/pixelles\/"},{"@type":"ListItem","position":2,"name":"Pix&rsquo;Elles Rhapsody, une exp\u00e9rience unique en r\u00e9alit\u00e9 augment\u00e9e"}]},{"@type":"WebSite","@id":"https:\/\/www.orchestralkit.film\/pixelles\/#website","url":"https:\/\/www.orchestralkit.film\/pixelles\/","name":"KADOSCH Pix'Elles Rhapsody","description":"","publisher":{"@id":"https:\/\/www.orchestralkit.film\/pixelles\/#organization"},"potentialAction":[{"@type":"SearchAction","target":{"@type":"EntryPoint","urlTemplate":"https:\/\/www.orchestralkit.film\/pixelles\/?s={search_term_string}"},"query-input":{"@type":"PropertyValueSpecification","valueRequired":true,"valueName":"search_term_string"}}],"inLanguage":"fr-FR"},{"@type":"Organization","@id":"https:\/\/www.orchestralkit.film\/pixelles\/#organization","name":"KADOSCH Pix'Elles Rhapsody","url":"https:\/\/www.orchestralkit.film\/pixelles\/","logo":{"@type":"ImageObject","inLanguage":"fr-FR","@id":"https:\/\/www.orchestralkit.film\/pixelles\/#\/schema\/logo\/image\/","url":"https:\/\/www.orchestralkit.film\/pixelles\/wp-content\/uploads\/2022\/07\/cropped-ENTETE-PIXELLES-KADOSCH-1.png","contentUrl":"https:\/\/www.orchestralkit.film\/pixelles\/wp-content\/uploads\/2022\/07\/cropped-ENTETE-PIXELLES-KADOSCH-1.png","width":350,"height":100,"caption":"KADOSCH Pix'Elles Rhapsody"},"image":{"@id":"https:\/\/www.orchestralkit.film\/pixelles\/#\/schema\/logo\/image\/"}}]}},"_links":{"self":[{"href":"https:\/\/www.orchestralkit.film\/pixelles\/wp-json\/wp\/v2\/pages\/8","targetHints":{"allow":["GET"]}}],"collection":[{"href":"https:\/\/www.orchestralkit.film\/pixelles\/wp-json\/wp\/v2\/pages"}],"about":[{"href":"https:\/\/www.orchestralkit.film\/pixelles\/wp-json\/wp\/v2\/types\/page"}],"author":[{"embeddable":true,"href":"https:\/\/www.orchestralkit.film\/pixelles\/wp-json\/wp\/v2\/users\/1"}],"replies":[{"embeddable":true,"href":"https:\/\/www.orchestralkit.film\/pixelles\/wp-json\/wp\/v2\/comments?post=8"}],"version-history":[{"count":199,"href":"https:\/\/www.orchestralkit.film\/pixelles\/wp-json\/wp\/v2\/pages\/8\/revisions"}],"predecessor-version":[{"id":8350,"href":"https:\/\/www.orchestralkit.film\/pixelles\/wp-json\/wp\/v2\/pages\/8\/revisions\/8350"}],"wp:attachment":[{"href":"https:\/\/www.orchestralkit.film\/pixelles\/wp-json\/wp\/v2\/media?parent=8"}],"curies":[{"name":"wp","href":"https:\/\/api.w.org\/{rel}","templated":true}]}}