{"id":7457,"date":"2024-11-14T11:31:02","date_gmt":"2024-11-14T10:31:02","guid":{"rendered":"https:\/\/www.orchestralkit.film\/pixelles\/?page_id=7457"},"modified":"2024-11-14T13:23:39","modified_gmt":"2024-11-14T12:23:39","slug":"the-pixelles-rhapsody-story","status":"publish","type":"page","link":"https:\/\/www.orchestralkit.film\/pixelles\/en\/the-pixelles-rhapsody-story\/","title":{"rendered":"The Pix&rsquo;Elles Rhapsody Story"},"content":{"rendered":"\t\t<div data-elementor-type=\"wp-page\" data-elementor-id=\"7457\" class=\"elementor elementor-7457\" data-elementor-post-type=\"page\">\n\t\t\t\t\t\t<section class=\"elementor-section elementor-top-section elementor-element elementor-element-72e4441 elementor-section-boxed elementor-section-height-default elementor-section-height-default\" data-id=\"72e4441\" data-element_type=\"section\">\n\t\t\t\t\t\t<div class=\"elementor-container elementor-column-gap-default\">\n\t\t\t\t\t<div class=\"elementor-column elementor-col-100 elementor-top-column elementor-element elementor-element-ca31f08\" data-id=\"ca31f08\" data-element_type=\"column\">\n\t\t\t<div class=\"elementor-widget-wrap elementor-element-populated\">\n\t\t\t\t\t\t<section class=\"elementor-section elementor-inner-section elementor-element elementor-element-aa2e228 elementor-section-boxed elementor-section-height-default elementor-section-height-default\" data-id=\"aa2e228\" data-element_type=\"section\">\n\t\t\t\t\t\t<div class=\"elementor-container elementor-column-gap-default\">\n\t\t\t\t\t<div class=\"elementor-column elementor-col-100 elementor-inner-column elementor-element elementor-element-3699ab6\" data-id=\"3699ab6\" data-element_type=\"column\">\n\t\t\t<div class=\"elementor-widget-wrap elementor-element-populated\">\n\t\t\t\t\t\t<div class=\"elementor-element elementor-element-859f61a elementor-widget elementor-widget-heading\" data-id=\"859f61a\" data-element_type=\"widget\" data-widget_type=\"heading.default\">\n\t\t\t\t<div class=\"elementor-widget-container\">\n\t\t\t\t\t<h1 class=\"elementor-heading-title elementor-size-default\">The Pix'Elles Rhapsody Story\u200b<\/h1>\t\t\t\t<\/div>\n\t\t\t\t<\/div>\n\t\t\t\t<div class=\"elementor-element elementor-element-66c7dcd elementor-widget elementor-widget-text-editor\" data-id=\"66c7dcd\" data-element_type=\"widget\" data-widget_type=\"text-editor.default\">\n\t\t\t\t<div class=\"elementor-widget-container\">\n\t\t\t\t\t\t\t\t\t<audio class=\"wp-audio-shortcode\" id=\"audio-7457-1\" preload=\"none\" style=\"width: 100%;\" controls=\"controls\"><source type=\"audio\/mpeg\" src=\"https:\/\/www.orchestralkit.film\/pixelles\/wp-content\/uploads\/2023\/12\/THE-PIXELLES-STORY-kadosch-EN.mp3?_=1\" \/><a href=\"https:\/\/www.orchestralkit.film\/pixelles\/wp-content\/uploads\/2023\/12\/THE-PIXELLES-STORY-kadosch-EN.mp3\">https:\/\/www.orchestralkit.film\/pixelles\/wp-content\/uploads\/2023\/12\/THE-PIXELLES-STORY-kadosch-EN.mp3<\/a><\/audio><p><strong><span style=\"color: #0170b9;\">The Augmented Reality PixiPack \u00ab\u00a0Pix&rsquo;Elles Rhapsody\u00a0\u00bb <\/span><\/strong>is the fruit of KADOSCH&rsquo;s creativity in a multimedia recording studio. Driven by a passion for artistic innovation and technology, KADOSCH has assembled a team of exceptional talents, including singers <span style=\"color: #0170b9;\"><strong><em>David LINX, Tet\u00ea ESPINDOLA, M\u00f4nica SALMASO, MAWACA, Roxane TERRAMORSI, Rosalie HARTOG, Ljuba de ANGELIS, Sueli GONDIM, Sandrine MONLEZUN, Luz MARINA, soloists from the Quark Sinfonietta, as well as the Brazilian painter Maria de CERQUEIRA LEITE.<\/em><\/strong><\/span> Together, they contribute to a unique audio &amp; visual experience where music, painting, technology and creativity blend harmoniously.<\/p><p>Each composition on <strong><span style=\"color: #0170b9;\">\u00ab\u00a0Pix&rsquo;Elles Rhapsody\u00a0\u00bb<\/span><\/strong> is the result of a bold musical exploration, gracefully blending oriental melodies, Balkan rhythms, reminiscences of medieval classical music, jazzy grooves and explosive Brazilian rhythms.<\/p><p>This augmented-reality album is transformed into a space for unexpected musical encounters, where barriers of distance, time and space are transcended. Fifteen voices, representing different cultures, generations and horizons, come together in spellbinding harmony with soloists from the Quark Sinfonietta.<\/p><p>Although they are linked by this repertoire, many of these performers have never met in person. Playing with the conventions of space and time, they share their emotions, languages and talents in an unparalleled artistic communion.<\/p><p>The lyrics of <span style=\"color: #0170b9;\">\u00ab\u00a0<strong>Pix&rsquo;Elles Rhapsody<\/strong>\u00a0\u00bb<\/span> are interpreted in French, English, Italian, Portuguese and Linear B &#8211; <em>a syllabic script that was used for writing in Mycenaean Greek, the earliest attested form of the Greek language.<\/em><br \/>Inspired by cinematographic grammar, the album is enriched by flashbacks between the musical tracks, augmented reality animations in the unique PixiPack design, and video inlays of the singers against a green screen. This approach creates an immersive and captivating visual experience, offering a new level of interaction between music and visual art.<\/p><p>By exploring augmented reality and artificial intelligence through its <span style=\"color: #0170b9;\"><strong>PixiPack<\/strong><\/span>, KADOSCH reveals the true meaning of its <span style=\"color: #0170b9;\">\u00a0\u00bb <strong>Pix&rsquo;Elles Rhapsody<\/strong> \u00ab\u00a0<\/span> and of the composer\u2019s innovative vision. Each Pix&rsquo;Elle augmented reality becomes an animated painting full of mathematical creativity, revealing the talents of each lyricist, arranger and musician. This album is a multicoloured rhapsody which transforms, pixel by pixel, into an unparalleled musical and visual experience.<\/p><p>Whether you&rsquo;re a musician, a visual artist or a music lover \u00ab augmented reality \u00bb invites you to a captivating experience. Dive in and let yourself be carried away by KADOSCH\u2019s universe where technology and art intertwine to create a fascinating kaleidoscope of sound and image.<\/p>\t\t\t\t\t\t\t\t<\/div>\n\t\t\t\t<\/div>\n\t\t\t\t\t<\/div>\n\t\t<\/div>\n\t\t\t\t\t<\/div>\n\t\t<\/section>\n\t\t\t\t\t<\/div>\n\t\t<\/div>\n\t\t\t\t\t<\/div>\n\t\t<\/section>\n\t\t\t\t<\/div>\n\t\t","protected":false},"excerpt":{"rendered":"<p>The Pix&rsquo;Elles Rhapsody Story\u200b The Augmented Reality PixiPack \u00ab\u00a0Pix&rsquo;Elles Rhapsody\u00a0\u00bb is the fruit of KADOSCH&rsquo;s creativity in a multimedia recording studio. Driven by a passion for artistic innovation and technology, KADOSCH has assembled a team of exceptional talents, including singers David LINX, Tet\u00ea ESPINDOLA, M\u00f4nica SALMASO, MAWACA, Roxane TERRAMORSI, Rosalie HARTOG, Ljuba de ANGELIS, Sueli [&hellip;]<\/p>\n","protected":false},"author":1,"featured_media":0,"parent":0,"menu_order":0,"comment_status":"closed","ping_status":"closed","template":"","meta":{"site-sidebar-layout":"no-sidebar","site-content-layout":"page-builder","ast-site-content-layout":"full-width-container","site-content-style":"default","site-sidebar-style":"default","ast-global-header-display":"","ast-banner-title-visibility":"","ast-main-header-display":"","ast-hfb-above-header-display":"","ast-hfb-below-header-display":"","ast-hfb-mobile-header-display":"","site-post-title":"disabled","ast-breadcrumbs-content":"","ast-featured-img":"disabled","footer-sml-layout":"","theme-transparent-header-meta":"default","adv-header-id-meta":"","stick-header-meta":"","header-above-stick-meta":"","header-main-stick-meta":"","header-below-stick-meta":"","astra-migrate-meta-layouts":"set","ast-page-background-enabled":"default","ast-page-background-meta":{"desktop":{"background-color":"var(--ast-global-color-4)","background-image":"","background-repeat":"repeat","background-position":"center center","background-size":"auto","background-attachment":"scroll","background-type":"","background-media":"","overlay-type":"","overlay-color":"","overlay-opacity":"","overlay-gradient":""},"tablet":{"background-color":"","background-image":"","background-repeat":"repeat","background-position":"center center","background-size":"auto","background-attachment":"scroll","background-type":"","background-media":"","overlay-type":"","overlay-color":"","overlay-opacity":"","overlay-gradient":""},"mobile":{"background-color":"","background-image":"","background-repeat":"repeat","background-position":"center center","background-size":"auto","background-attachment":"scroll","background-type":"","background-media":"","overlay-type":"","overlay-color":"","overlay-opacity":"","overlay-gradient":""}},"ast-content-background-meta":{"desktop":{"background-color":"var(--ast-global-color-5)","background-image":"","background-repeat":"repeat","background-position":"center center","background-size":"auto","background-attachment":"scroll","background-type":"","background-media":"","overlay-type":"","overlay-color":"","overlay-opacity":"","overlay-gradient":""},"tablet":{"background-color":"var(--ast-global-color-5)","background-image":"","background-repeat":"repeat","background-position":"center center","background-size":"auto","background-attachment":"scroll","background-type":"","background-media":"","overlay-type":"","overlay-color":"","overlay-opacity":"","overlay-gradient":""},"mobile":{"background-color":"var(--ast-global-color-5)","background-image":"","background-repeat":"repeat","background-position":"center center","background-size":"auto","background-attachment":"scroll","background-type":"","background-media":"","overlay-type":"","overlay-color":"","overlay-opacity":"","overlay-gradient":""}},"footnotes":""},"class_list":["post-7457","page","type-page","status-publish","hentry"],"yoast_head":"<!-- This site is optimized with the Yoast SEO plugin v26.3 - https:\/\/yoast.com\/wordpress\/plugins\/seo\/ -->\n<title>The Pix&#039;Elles Rhapsody Story - KADOSCH Pix&#039;Elles Rhapsody<\/title>\n<meta name=\"description\" content=\"D\u00e9couvrez &quot;Pix\u2019Elles Rhapsody&quot;, un album en r\u00e9alit\u00e9 augment\u00e9e qui r\u00e9unit des talents musicaux et visuels du monde entier dans une exp\u00e9rience immersive et innovante. Explorez une fusion unique de musique, d&#039;art et de technologie qui transcende les fronti\u00e8res culturelles et temporelles pour cr\u00e9er un voyage sensoriel captivant.\" \/>\n<meta name=\"robots\" content=\"index, follow, max-snippet:-1, max-image-preview:large, max-video-preview:-1\" \/>\n<link rel=\"canonical\" href=\"https:\/\/www.orchestralkit.film\/pixelles\/en\/the-pixelles-rhapsody-story\/\" \/>\n<meta property=\"og:locale\" content=\"fr_FR\" \/>\n<meta property=\"og:type\" content=\"article\" \/>\n<meta property=\"og:title\" content=\"The Pix&#039;Elles Rhapsody Story - KADOSCH Pix&#039;Elles Rhapsody\" \/>\n<meta property=\"og:description\" content=\"D\u00e9couvrez &quot;Pix\u2019Elles Rhapsody&quot;, un album en r\u00e9alit\u00e9 augment\u00e9e qui r\u00e9unit des talents musicaux et visuels du monde entier dans une exp\u00e9rience immersive et innovante. Explorez une fusion unique de musique, d&#039;art et de technologie qui transcende les fronti\u00e8res culturelles et temporelles pour cr\u00e9er un voyage sensoriel captivant.\" \/>\n<meta property=\"og:url\" content=\"https:\/\/www.orchestralkit.film\/pixelles\/en\/the-pixelles-rhapsody-story\/\" \/>\n<meta property=\"og:site_name\" content=\"KADOSCH Pix&#039;Elles Rhapsody\" \/>\n<meta property=\"article:modified_time\" content=\"2024-11-14T12:23:39+00:00\" \/>\n<meta name=\"twitter:card\" content=\"summary_large_image\" \/>\n<meta name=\"twitter:label1\" content=\"Dur\u00e9e de lecture estim\u00e9e\" \/>\n\t<meta name=\"twitter:data1\" content=\"3 minutes\" \/>\n<script type=\"application\/ld+json\" class=\"yoast-schema-graph\">{\"@context\":\"https:\/\/schema.org\",\"@graph\":[{\"@type\":\"WebPage\",\"@id\":\"https:\/\/www.orchestralkit.film\/pixelles\/en\/the-pixelles-rhapsody-story\/\",\"url\":\"https:\/\/www.orchestralkit.film\/pixelles\/en\/the-pixelles-rhapsody-story\/\",\"name\":\"The Pix'Elles Rhapsody Story - KADOSCH Pix&#039;Elles Rhapsody\",\"isPartOf\":{\"@id\":\"https:\/\/www.orchestralkit.film\/pixelles\/#website\"},\"datePublished\":\"2024-11-14T10:31:02+00:00\",\"dateModified\":\"2024-11-14T12:23:39+00:00\",\"description\":\"D\u00e9couvrez \\\"Pix\u2019Elles Rhapsody\\\", un album en r\u00e9alit\u00e9 augment\u00e9e qui r\u00e9unit des talents musicaux et visuels du monde entier dans une exp\u00e9rience immersive et innovante. Explorez une fusion unique de musique, d'art et de technologie qui transcende les fronti\u00e8res culturelles et temporelles pour cr\u00e9er un voyage sensoriel captivant.\",\"breadcrumb\":{\"@id\":\"https:\/\/www.orchestralkit.film\/pixelles\/en\/the-pixelles-rhapsody-story\/#breadcrumb\"},\"inLanguage\":\"fr-FR\",\"potentialAction\":[{\"@type\":\"ReadAction\",\"target\":[\"https:\/\/www.orchestralkit.film\/pixelles\/en\/the-pixelles-rhapsody-story\/\"]}]},{\"@type\":\"BreadcrumbList\",\"@id\":\"https:\/\/www.orchestralkit.film\/pixelles\/en\/the-pixelles-rhapsody-story\/#breadcrumb\",\"itemListElement\":[{\"@type\":\"ListItem\",\"position\":1,\"name\":\"Accueil\",\"item\":\"https:\/\/www.orchestralkit.film\/pixelles\/\"},{\"@type\":\"ListItem\",\"position\":2,\"name\":\"The Pix&rsquo;Elles Rhapsody Story\"}]},{\"@type\":\"WebSite\",\"@id\":\"https:\/\/www.orchestralkit.film\/pixelles\/#website\",\"url\":\"https:\/\/www.orchestralkit.film\/pixelles\/\",\"name\":\"KADOSCH Pix'Elles Rhapsody\",\"description\":\"\",\"publisher\":{\"@id\":\"https:\/\/www.orchestralkit.film\/pixelles\/#organization\"},\"potentialAction\":[{\"@type\":\"SearchAction\",\"target\":{\"@type\":\"EntryPoint\",\"urlTemplate\":\"https:\/\/www.orchestralkit.film\/pixelles\/?s={search_term_string}\"},\"query-input\":{\"@type\":\"PropertyValueSpecification\",\"valueRequired\":true,\"valueName\":\"search_term_string\"}}],\"inLanguage\":\"fr-FR\"},{\"@type\":\"Organization\",\"@id\":\"https:\/\/www.orchestralkit.film\/pixelles\/#organization\",\"name\":\"KADOSCH Pix'Elles Rhapsody\",\"url\":\"https:\/\/www.orchestralkit.film\/pixelles\/\",\"logo\":{\"@type\":\"ImageObject\",\"inLanguage\":\"fr-FR\",\"@id\":\"https:\/\/www.orchestralkit.film\/pixelles\/#\/schema\/logo\/image\/\",\"url\":\"https:\/\/www.orchestralkit.film\/pixelles\/wp-content\/uploads\/2022\/07\/cropped-ENTETE-PIXELLES-KADOSCH-1.png\",\"contentUrl\":\"https:\/\/www.orchestralkit.film\/pixelles\/wp-content\/uploads\/2022\/07\/cropped-ENTETE-PIXELLES-KADOSCH-1.png\",\"width\":350,\"height\":100,\"caption\":\"KADOSCH Pix'Elles Rhapsody\"},\"image\":{\"@id\":\"https:\/\/www.orchestralkit.film\/pixelles\/#\/schema\/logo\/image\/\"}}]}<\/script>\n<!-- \/ Yoast SEO plugin. -->","yoast_head_json":{"title":"The Pix'Elles Rhapsody Story - KADOSCH Pix&#039;Elles Rhapsody","description":"D\u00e9couvrez \"Pix\u2019Elles Rhapsody\", un album en r\u00e9alit\u00e9 augment\u00e9e qui r\u00e9unit des talents musicaux et visuels du monde entier dans une exp\u00e9rience immersive et innovante. Explorez une fusion unique de musique, d'art et de technologie qui transcende les fronti\u00e8res culturelles et temporelles pour cr\u00e9er un voyage sensoriel captivant.","robots":{"index":"index","follow":"follow","max-snippet":"max-snippet:-1","max-image-preview":"max-image-preview:large","max-video-preview":"max-video-preview:-1"},"canonical":"https:\/\/www.orchestralkit.film\/pixelles\/en\/the-pixelles-rhapsody-story\/","og_locale":"fr_FR","og_type":"article","og_title":"The Pix'Elles Rhapsody Story - KADOSCH Pix&#039;Elles Rhapsody","og_description":"D\u00e9couvrez \"Pix\u2019Elles Rhapsody\", un album en r\u00e9alit\u00e9 augment\u00e9e qui r\u00e9unit des talents musicaux et visuels du monde entier dans une exp\u00e9rience immersive et innovante. Explorez une fusion unique de musique, d'art et de technologie qui transcende les fronti\u00e8res culturelles et temporelles pour cr\u00e9er un voyage sensoriel captivant.","og_url":"https:\/\/www.orchestralkit.film\/pixelles\/en\/the-pixelles-rhapsody-story\/","og_site_name":"KADOSCH Pix&#039;Elles Rhapsody","article_modified_time":"2024-11-14T12:23:39+00:00","twitter_card":"summary_large_image","twitter_misc":{"Dur\u00e9e de lecture estim\u00e9e":"3 minutes"},"schema":{"@context":"https:\/\/schema.org","@graph":[{"@type":"WebPage","@id":"https:\/\/www.orchestralkit.film\/pixelles\/en\/the-pixelles-rhapsody-story\/","url":"https:\/\/www.orchestralkit.film\/pixelles\/en\/the-pixelles-rhapsody-story\/","name":"The Pix'Elles Rhapsody Story - KADOSCH Pix&#039;Elles Rhapsody","isPartOf":{"@id":"https:\/\/www.orchestralkit.film\/pixelles\/#website"},"datePublished":"2024-11-14T10:31:02+00:00","dateModified":"2024-11-14T12:23:39+00:00","description":"D\u00e9couvrez \"Pix\u2019Elles Rhapsody\", un album en r\u00e9alit\u00e9 augment\u00e9e qui r\u00e9unit des talents musicaux et visuels du monde entier dans une exp\u00e9rience immersive et innovante. Explorez une fusion unique de musique, d'art et de technologie qui transcende les fronti\u00e8res culturelles et temporelles pour cr\u00e9er un voyage sensoriel captivant.","breadcrumb":{"@id":"https:\/\/www.orchestralkit.film\/pixelles\/en\/the-pixelles-rhapsody-story\/#breadcrumb"},"inLanguage":"fr-FR","potentialAction":[{"@type":"ReadAction","target":["https:\/\/www.orchestralkit.film\/pixelles\/en\/the-pixelles-rhapsody-story\/"]}]},{"@type":"BreadcrumbList","@id":"https:\/\/www.orchestralkit.film\/pixelles\/en\/the-pixelles-rhapsody-story\/#breadcrumb","itemListElement":[{"@type":"ListItem","position":1,"name":"Accueil","item":"https:\/\/www.orchestralkit.film\/pixelles\/"},{"@type":"ListItem","position":2,"name":"The Pix&rsquo;Elles Rhapsody Story"}]},{"@type":"WebSite","@id":"https:\/\/www.orchestralkit.film\/pixelles\/#website","url":"https:\/\/www.orchestralkit.film\/pixelles\/","name":"KADOSCH Pix'Elles Rhapsody","description":"","publisher":{"@id":"https:\/\/www.orchestralkit.film\/pixelles\/#organization"},"potentialAction":[{"@type":"SearchAction","target":{"@type":"EntryPoint","urlTemplate":"https:\/\/www.orchestralkit.film\/pixelles\/?s={search_term_string}"},"query-input":{"@type":"PropertyValueSpecification","valueRequired":true,"valueName":"search_term_string"}}],"inLanguage":"fr-FR"},{"@type":"Organization","@id":"https:\/\/www.orchestralkit.film\/pixelles\/#organization","name":"KADOSCH Pix'Elles Rhapsody","url":"https:\/\/www.orchestralkit.film\/pixelles\/","logo":{"@type":"ImageObject","inLanguage":"fr-FR","@id":"https:\/\/www.orchestralkit.film\/pixelles\/#\/schema\/logo\/image\/","url":"https:\/\/www.orchestralkit.film\/pixelles\/wp-content\/uploads\/2022\/07\/cropped-ENTETE-PIXELLES-KADOSCH-1.png","contentUrl":"https:\/\/www.orchestralkit.film\/pixelles\/wp-content\/uploads\/2022\/07\/cropped-ENTETE-PIXELLES-KADOSCH-1.png","width":350,"height":100,"caption":"KADOSCH Pix'Elles Rhapsody"},"image":{"@id":"https:\/\/www.orchestralkit.film\/pixelles\/#\/schema\/logo\/image\/"}}]}},"_links":{"self":[{"href":"https:\/\/www.orchestralkit.film\/pixelles\/wp-json\/wp\/v2\/pages\/7457","targetHints":{"allow":["GET"]}}],"collection":[{"href":"https:\/\/www.orchestralkit.film\/pixelles\/wp-json\/wp\/v2\/pages"}],"about":[{"href":"https:\/\/www.orchestralkit.film\/pixelles\/wp-json\/wp\/v2\/types\/page"}],"author":[{"embeddable":true,"href":"https:\/\/www.orchestralkit.film\/pixelles\/wp-json\/wp\/v2\/users\/1"}],"replies":[{"embeddable":true,"href":"https:\/\/www.orchestralkit.film\/pixelles\/wp-json\/wp\/v2\/comments?post=7457"}],"version-history":[{"count":4,"href":"https:\/\/www.orchestralkit.film\/pixelles\/wp-json\/wp\/v2\/pages\/7457\/revisions"}],"predecessor-version":[{"id":7604,"href":"https:\/\/www.orchestralkit.film\/pixelles\/wp-json\/wp\/v2\/pages\/7457\/revisions\/7604"}],"wp:attachment":[{"href":"https:\/\/www.orchestralkit.film\/pixelles\/wp-json\/wp\/v2\/media?parent=7457"}],"curies":[{"name":"wp","href":"https:\/\/api.w.org\/{rel}","templated":true}]}}