{"id":6470,"date":"2024-02-04T15:40:49","date_gmt":"2024-02-04T14:40:49","guid":{"rendered":"https:\/\/www.orchestralkit.film\/pixelles\/?page_id=6470"},"modified":"2024-11-14T13:17:53","modified_gmt":"2024-11-14T12:17:53","slug":"puzzles-videos-en-nft-pour-les-professionnels-de-l-audiovisuel","status":"publish","type":"page","link":"https:\/\/www.orchestralkit.film\/pixelles\/puzzles-videos-en-nft-pour-les-professionnels-de-l-audiovisuel\/","title":{"rendered":"Puzzles vid\u00e9o en NFT pour les professionnels de l\u2019audiovisuel"},"content":{"rendered":"\t\t<div data-elementor-type=\"wp-page\" data-elementor-id=\"6470\" class=\"elementor elementor-6470\" data-elementor-post-type=\"page\">\n\t\t\t\t\t\t<section class=\"elementor-section elementor-top-section elementor-element elementor-element-5e850e9 elementor-section-boxed elementor-section-height-default elementor-section-height-default\" data-id=\"5e850e9\" data-element_type=\"section\">\n\t\t\t\t\t\t<div class=\"elementor-container elementor-column-gap-default\">\n\t\t\t\t\t<div class=\"elementor-column elementor-col-100 elementor-top-column elementor-element elementor-element-e940a74\" data-id=\"e940a74\" data-element_type=\"column\">\n\t\t\t<div class=\"elementor-widget-wrap elementor-element-populated\">\n\t\t\t\t\t\t<div class=\"elementor-element elementor-element-026e3d7 elementor-widget elementor-widget-heading\" data-id=\"026e3d7\" data-element_type=\"widget\" data-widget_type=\"heading.default\">\n\t\t\t\t<div class=\"elementor-widget-container\">\n\t\t\t\t\t<h1 class=\"elementor-heading-title elementor-size-default\">Puzzles vid\u00e9o en NFT pour les professionnels de l\u2019audiovisuel<\/h1>\t\t\t\t<\/div>\n\t\t\t\t<\/div>\n\t\t\t\t\t<\/div>\n\t\t<\/div>\n\t\t\t\t\t<\/div>\n\t\t<\/section>\n\t\t\t\t<section class=\"elementor-section elementor-top-section elementor-element elementor-element-693c02c elementor-section-boxed elementor-section-height-default elementor-section-height-default\" data-id=\"693c02c\" data-element_type=\"section\">\n\t\t\t\t\t\t<div class=\"elementor-container elementor-column-gap-default\">\n\t\t\t\t\t<div class=\"elementor-column elementor-col-100 elementor-top-column elementor-element elementor-element-f972035\" data-id=\"f972035\" data-element_type=\"column\">\n\t\t\t<div class=\"elementor-widget-wrap elementor-element-populated\">\n\t\t\t\t\t\t<div class=\"elementor-element elementor-element-10e87604 elementor-widget elementor-widget-video\" data-id=\"10e87604\" data-element_type=\"widget\" data-settings=\"{&quot;youtube_url&quot;:&quot;https:\\\/\\\/www.youtube.com\\\/watch?v=zSNwQ2h7OU0&quot;,&quot;video_type&quot;:&quot;youtube&quot;,&quot;controls&quot;:&quot;yes&quot;}\" data-widget_type=\"video.default\">\n\t\t\t\t<div class=\"elementor-widget-container\">\n\t\t\t\t\t\t\t<div class=\"elementor-wrapper elementor-open-inline\">\n\t\t\t<div class=\"elementor-video\"><\/div>\t\t<\/div>\n\t\t\t\t\t\t<\/div>\n\t\t\t\t<\/div>\n\t\t\t\t<div class=\"elementor-element elementor-element-40d5f34 elementor-widget elementor-widget-heading\" data-id=\"40d5f34\" data-element_type=\"widget\" data-widget_type=\"heading.default\">\n\t\t\t\t<div class=\"elementor-widget-container\">\n\t\t\t\t\t<h2 class=\"elementor-heading-title elementor-size-default\">Transformez la Musique de Votre Film en NFT Unique avec Pix\u2019Elles Rhapsody<\/h2>\t\t\t\t<\/div>\n\t\t\t\t<\/div>\n\t\t\t\t<div class=\"elementor-element elementor-element-2ee40c3 elementor-widget elementor-widget-text-editor\" data-id=\"2ee40c3\" data-element_type=\"widget\" data-widget_type=\"text-editor.default\">\n\t\t\t\t<div class=\"elementor-widget-container\">\n\t\t\t\t\t\t\t\t\t<p><em><span style=\"color: #0170b9;\">Qu\u2019est-ce qu\u2019un NFT ?<\/span><\/em><br \/>Un NFT (Jeton Non Fongible) est un objet num\u00e9rique unique qui prouve que vous poss\u00e9dez une \u0153uvre sp\u00e9cifique, comme une composition musicale. Il s\u2019agit d\u2019un certificat d\u2019authenticit\u00e9 num\u00e9rique qui garantit que la musique est exclusivement li\u00e9e \u00e0 votre projet, offrant ainsi une garantie d\u2019unicit\u00e9.<\/p><p><span style=\"color: #0170b9;\"><em>Pas besoin d\u2019\u00eatre un expert en technologie<\/em><\/span><br \/>Inutile de ma\u00eetriser la technologie des crypto-monnaies ou des NFTs. Nous prenons en charge tout le processus pour vous. De la cr\u00e9ation du NFT \u00e0 son transfert dans un espace s\u00e9curis\u00e9, nous vous guidons \u00e0 chaque \u00e9tape. Vous n\u2019aurez \u00e0 vous soucier d\u2019aucun aspect technique.<\/p><p><em><span style=\"color: #0170b9;\">Libert\u00e9 de choix<\/span><\/em><br \/>S\u00e9lectionnez parmi les compositions musicales originales de Pix\u2019Elles Rhapsody, qu\u2019elles soient instrumentales ou vocales. Chaque musique est pr\u00eate \u00e0 \u00eatre transform\u00e9e en NFT, vous garantissant une bande-son exclusivement d\u00e9di\u00e9e \u00e0 votre projet.<\/p><p><em><span style=\"color: #0170b9;\">Personnalisation sur mesure<\/span><\/em><br \/>Nous adaptons chaque composition pour qu\u2019elle s\u2019aligne parfaitement avec l\u2019esth\u00e9tique et l\u2019ambiance de votre film. Vous obtenez ainsi une bande-son unique et sur mesure, con\u00e7ue pour correspondre pr\u00e9cis\u00e9ment \u00e0 votre vision artistique.<\/p>\t\t\t\t\t\t\t\t<\/div>\n\t\t\t\t<\/div>\n\t\t\t\t<div class=\"elementor-element elementor-element-e58407a elementor-widget elementor-widget-heading\" data-id=\"e58407a\" data-element_type=\"widget\" data-widget_type=\"heading.default\">\n\t\t\t\t<div class=\"elementor-widget-container\">\n\t\t\t\t\t<h2 class=\"elementor-heading-title elementor-size-default\">Puzzles Musicaux : une approche immersive pour votre film<\/h2>\t\t\t\t<\/div>\n\t\t\t\t<\/div>\n\t\t\t\t<div class=\"elementor-element elementor-element-a6fd137 elementor-widget elementor-widget-text-editor\" data-id=\"a6fd137\" data-element_type=\"widget\" data-widget_type=\"text-editor.default\">\n\t\t\t\t<div class=\"elementor-widget-container\">\n\t\t\t\t\t\t\t\t\t<p>Votre film m\u00e9rite une bande-son qui ne se contente pas d\u2019accompagner les images mais qui intensifie l\u2019\u00e9motion et cr\u00e9e une exp\u00e9rience immersive. Nous vous offrons la possibilit\u00e9 exclusive de transformer toutes les versions instrumentales de \u00ab Pix\u2019Elles Rhapsody \u00bb en des \u00ab Puzzles Musicaux \u00bb sur mesure, adapt\u00e9s \u00e0 chaque sc\u00e8ne de votre film.<\/p><p>Chaque sc\u00e8ne, chaque ponctuation d\u2019un puzzle musical est pr\u00eate \u00e0 s\u2019embo\u00eeter harmonieusement avec vos images pour amplifier l\u2019impact de chacune de vos sc\u00e8nes. Gr\u00e2ce \u00e0 une consultation approfondie, nous comprenons l\u2019essence de votre film, ses personnages et son atmosph\u00e8re pour ensuite ajuster m\u00e9ticuleusement chaque musique de Pix\u2019Elles Rhapsody, garantissant une int\u00e9gration parfaite avec vos s\u00e9quences visuelles.<\/p><p><em><span style=\"color: #0170b9;\">Pourquoi choisir un NFT ?<\/span><\/em><br \/>Un NFT permet de rendre votre musique unique, tra\u00e7able et prot\u00e9g\u00e9e. Cela ajoute une valeur artistique et commerciale \u00e0 votre film, car cette \u0153uvre musicale sera une pi\u00e8ce rare, exclusivement associ\u00e9e \u00e0 votre projet, et impossible \u00e0 copier.<\/p><p><span style=\"color: #0170b9;\"><em>Exp\u00e9rience Immersive et Interactive<\/em><\/span><br \/>Avec les NFTs, la musique de votre film peut \u00e9galement \u00e9voluer dans des environnements num\u00e9riques tels que les m\u00e9tavers, o\u00f9 elle pourra offrir \u00e0 votre audience des exp\u00e9riences sonores immersives et interactives.<\/p><p><strong><span style=\"color: #0170b9;\">Comment \u00e7a marche, concr\u00e8tement ?<\/span><\/strong><\/p><p><span style=\"color: #0170b9;\"><strong>1. Accompagnement de A \u00e0 Z<br \/><\/strong><\/span>Nous vous accompagnons \u00e0 chaque \u00e9tape, du choix de la musique \u00e0 la cr\u00e9ation et la personnalisation de votre NFT.<br \/><span style=\"color: #0170b9;\"><strong>2. Puzzles Musicaux sur mesure<\/strong><\/span><br \/>Chaque \u00ab Puzzle Musical \u00bb est soigneusement ajust\u00e9 pour une int\u00e9gration fluide et une exp\u00e9rience cin\u00e9matographique captivante. Les compositions originales sont adapt\u00e9es \u00e0 vos sc\u00e8nes pour offrir une profondeur \u00e9motionnelle et une bande-son qui restera grav\u00e9e dans l\u2019esprit de vos spectateurs.<br \/><strong><span style=\"color: #0170b9;\">3. Aucun besoin de connaissances techniques<\/span><\/strong><br \/>Nous vous expliquons simplement comment g\u00e9rer vos \u0153uvres, comme n\u2019importe quel fichier num\u00e9rique.<br \/><span style=\"color: #0170b9;\"><strong>4. Support \u00e0 chaque \u00e9tape<\/strong><\/span><br \/>Nous sommes disponibles pour vous guider et vous aider \u00e0 comprendre le fonctionnement des NFTs et comment les utiliser dans vos projets audiovisuels, sans avoir \u00e0 g\u00e9rer les aspects complexes de la technologie.<\/p><p>En choisissant Pix\u2019Elles Rhapsody, vous obtenez une musique unique pour votre projet audiovisuel, prot\u00e9g\u00e9e par un NFT, accompagn\u00e9e d\u2019une int\u00e9gration parfaite avec des Puzzles Musicaux pour une exp\u00e9rience sonore immersive, tout en b\u00e9n\u00e9ficiant d\u2019un accompagnement professionnel et simplifi\u00e9.<\/p>\t\t\t\t\t\t\t\t<\/div>\n\t\t\t\t<\/div>\n\t\t\t\t\t<\/div>\n\t\t<\/div>\n\t\t\t\t\t<\/div>\n\t\t<\/section>\n\t\t\t\t<\/div>\n\t\t","protected":false},"excerpt":{"rendered":"<p>Puzzles vid\u00e9o en NFT pour les professionnels de l\u2019audiovisuel Transformez la Musique de Votre Film en NFT Unique avec Pix\u2019Elles Rhapsody Qu\u2019est-ce qu\u2019un NFT ?Un NFT (Jeton Non Fongible) est un objet num\u00e9rique unique qui prouve que vous poss\u00e9dez une \u0153uvre sp\u00e9cifique, comme une composition musicale. Il s\u2019agit d\u2019un certificat d\u2019authenticit\u00e9 num\u00e9rique qui garantit que [&hellip;]<\/p>\n","protected":false},"author":1,"featured_media":0,"parent":0,"menu_order":0,"comment_status":"closed","ping_status":"closed","template":"","meta":{"site-sidebar-layout":"no-sidebar","site-content-layout":"page-builder","ast-site-content-layout":"full-width-container","site-content-style":"default","site-sidebar-style":"default","ast-global-header-display":"","ast-banner-title-visibility":"","ast-main-header-display":"","ast-hfb-above-header-display":"","ast-hfb-below-header-display":"","ast-hfb-mobile-header-display":"","site-post-title":"disabled","ast-breadcrumbs-content":"","ast-featured-img":"disabled","footer-sml-layout":"","theme-transparent-header-meta":"default","adv-header-id-meta":"","stick-header-meta":"","header-above-stick-meta":"","header-main-stick-meta":"","header-below-stick-meta":"","astra-migrate-meta-layouts":"default","ast-page-background-enabled":"default","ast-page-background-meta":{"desktop":{"background-color":"var(--ast-global-color-4)","background-image":"","background-repeat":"repeat","background-position":"center center","background-size":"auto","background-attachment":"scroll","background-type":"","background-media":"","overlay-type":"","overlay-color":"","overlay-opacity":"","overlay-gradient":""},"tablet":{"background-color":"","background-image":"","background-repeat":"repeat","background-position":"center center","background-size":"auto","background-attachment":"scroll","background-type":"","background-media":"","overlay-type":"","overlay-color":"","overlay-opacity":"","overlay-gradient":""},"mobile":{"background-color":"","background-image":"","background-repeat":"repeat","background-position":"center center","background-size":"auto","background-attachment":"scroll","background-type":"","background-media":"","overlay-type":"","overlay-color":"","overlay-opacity":"","overlay-gradient":""}},"ast-content-background-meta":{"desktop":{"background-color":"var(--ast-global-color-5)","background-image":"","background-repeat":"repeat","background-position":"center center","background-size":"auto","background-attachment":"scroll","background-type":"","background-media":"","overlay-type":"","overlay-color":"","overlay-opacity":"","overlay-gradient":""},"tablet":{"background-color":"var(--ast-global-color-5)","background-image":"","background-repeat":"repeat","background-position":"center center","background-size":"auto","background-attachment":"scroll","background-type":"","background-media":"","overlay-type":"","overlay-color":"","overlay-opacity":"","overlay-gradient":""},"mobile":{"background-color":"var(--ast-global-color-5)","background-image":"","background-repeat":"repeat","background-position":"center center","background-size":"auto","background-attachment":"scroll","background-type":"","background-media":"","overlay-type":"","overlay-color":"","overlay-opacity":"","overlay-gradient":""}},"footnotes":""},"class_list":["post-6470","page","type-page","status-publish","hentry"],"yoast_head":"<!-- This site is optimized with the Yoast SEO plugin v26.3 - https:\/\/yoast.com\/wordpress\/plugins\/seo\/ -->\n<title>Puzzles vid\u00e9o en NFT pour les professionnels de l\u2019audiovisuel - KADOSCH Pix&#039;Elles Rhapsody<\/title>\n<meta name=\"robots\" content=\"index, follow, max-snippet:-1, max-image-preview:large, max-video-preview:-1\" \/>\n<link rel=\"canonical\" href=\"https:\/\/www.orchestralkit.film\/pixelles\/puzzles-videos-en-nft-pour-les-professionnels-de-l-audiovisuel\/\" \/>\n<meta property=\"og:locale\" content=\"fr_FR\" \/>\n<meta property=\"og:type\" content=\"article\" \/>\n<meta property=\"og:title\" content=\"Puzzles vid\u00e9o en NFT pour les professionnels de l\u2019audiovisuel - KADOSCH Pix&#039;Elles Rhapsody\" \/>\n<meta property=\"og:description\" content=\"Puzzles vid\u00e9o en NFT pour les professionnels de l\u2019audiovisuel Transformez la Musique de Votre Film en NFT Unique avec Pix\u2019Elles Rhapsody Qu\u2019est-ce qu\u2019un NFT ?Un NFT (Jeton Non Fongible) est un objet num\u00e9rique unique qui prouve que vous poss\u00e9dez une \u0153uvre sp\u00e9cifique, comme une composition musicale. Il s\u2019agit d\u2019un certificat d\u2019authenticit\u00e9 num\u00e9rique qui garantit que [&hellip;]\" \/>\n<meta property=\"og:url\" content=\"https:\/\/www.orchestralkit.film\/pixelles\/puzzles-videos-en-nft-pour-les-professionnels-de-l-audiovisuel\/\" \/>\n<meta property=\"og:site_name\" content=\"KADOSCH Pix&#039;Elles Rhapsody\" \/>\n<meta property=\"article:modified_time\" content=\"2024-11-14T12:17:53+00:00\" \/>\n<meta name=\"twitter:card\" content=\"summary_large_image\" \/>\n<meta name=\"twitter:label1\" content=\"Dur\u00e9e de lecture estim\u00e9e\" \/>\n\t<meta name=\"twitter:data1\" content=\"3 minutes\" \/>\n<script type=\"application\/ld+json\" class=\"yoast-schema-graph\">{\"@context\":\"https:\/\/schema.org\",\"@graph\":[{\"@type\":\"WebPage\",\"@id\":\"https:\/\/www.orchestralkit.film\/pixelles\/puzzles-videos-en-nft-pour-les-professionnels-de-l-audiovisuel\/\",\"url\":\"https:\/\/www.orchestralkit.film\/pixelles\/puzzles-videos-en-nft-pour-les-professionnels-de-l-audiovisuel\/\",\"name\":\"Puzzles vid\u00e9o en NFT pour les professionnels de l\u2019audiovisuel - KADOSCH Pix&#039;Elles Rhapsody\",\"isPartOf\":{\"@id\":\"https:\/\/www.orchestralkit.film\/pixelles\/#website\"},\"datePublished\":\"2024-02-04T14:40:49+00:00\",\"dateModified\":\"2024-11-14T12:17:53+00:00\",\"breadcrumb\":{\"@id\":\"https:\/\/www.orchestralkit.film\/pixelles\/puzzles-videos-en-nft-pour-les-professionnels-de-l-audiovisuel\/#breadcrumb\"},\"inLanguage\":\"fr-FR\",\"potentialAction\":[{\"@type\":\"ReadAction\",\"target\":[\"https:\/\/www.orchestralkit.film\/pixelles\/puzzles-videos-en-nft-pour-les-professionnels-de-l-audiovisuel\/\"]}]},{\"@type\":\"BreadcrumbList\",\"@id\":\"https:\/\/www.orchestralkit.film\/pixelles\/puzzles-videos-en-nft-pour-les-professionnels-de-l-audiovisuel\/#breadcrumb\",\"itemListElement\":[{\"@type\":\"ListItem\",\"position\":1,\"name\":\"Accueil\",\"item\":\"https:\/\/www.orchestralkit.film\/pixelles\/\"},{\"@type\":\"ListItem\",\"position\":2,\"name\":\"Puzzles vid\u00e9o en NFT pour les professionnels de l\u2019audiovisuel\"}]},{\"@type\":\"WebSite\",\"@id\":\"https:\/\/www.orchestralkit.film\/pixelles\/#website\",\"url\":\"https:\/\/www.orchestralkit.film\/pixelles\/\",\"name\":\"KADOSCH Pix'Elles Rhapsody\",\"description\":\"\",\"publisher\":{\"@id\":\"https:\/\/www.orchestralkit.film\/pixelles\/#organization\"},\"potentialAction\":[{\"@type\":\"SearchAction\",\"target\":{\"@type\":\"EntryPoint\",\"urlTemplate\":\"https:\/\/www.orchestralkit.film\/pixelles\/?s={search_term_string}\"},\"query-input\":{\"@type\":\"PropertyValueSpecification\",\"valueRequired\":true,\"valueName\":\"search_term_string\"}}],\"inLanguage\":\"fr-FR\"},{\"@type\":\"Organization\",\"@id\":\"https:\/\/www.orchestralkit.film\/pixelles\/#organization\",\"name\":\"KADOSCH Pix'Elles Rhapsody\",\"url\":\"https:\/\/www.orchestralkit.film\/pixelles\/\",\"logo\":{\"@type\":\"ImageObject\",\"inLanguage\":\"fr-FR\",\"@id\":\"https:\/\/www.orchestralkit.film\/pixelles\/#\/schema\/logo\/image\/\",\"url\":\"https:\/\/www.orchestralkit.film\/pixelles\/wp-content\/uploads\/2022\/07\/cropped-ENTETE-PIXELLES-KADOSCH-1.png\",\"contentUrl\":\"https:\/\/www.orchestralkit.film\/pixelles\/wp-content\/uploads\/2022\/07\/cropped-ENTETE-PIXELLES-KADOSCH-1.png\",\"width\":350,\"height\":100,\"caption\":\"KADOSCH Pix'Elles Rhapsody\"},\"image\":{\"@id\":\"https:\/\/www.orchestralkit.film\/pixelles\/#\/schema\/logo\/image\/\"}}]}<\/script>\n<!-- \/ Yoast SEO plugin. -->","yoast_head_json":{"title":"Puzzles vid\u00e9o en NFT pour les professionnels de l\u2019audiovisuel - KADOSCH Pix&#039;Elles Rhapsody","robots":{"index":"index","follow":"follow","max-snippet":"max-snippet:-1","max-image-preview":"max-image-preview:large","max-video-preview":"max-video-preview:-1"},"canonical":"https:\/\/www.orchestralkit.film\/pixelles\/puzzles-videos-en-nft-pour-les-professionnels-de-l-audiovisuel\/","og_locale":"fr_FR","og_type":"article","og_title":"Puzzles vid\u00e9o en NFT pour les professionnels de l\u2019audiovisuel - KADOSCH Pix&#039;Elles Rhapsody","og_description":"Puzzles vid\u00e9o en NFT pour les professionnels de l\u2019audiovisuel Transformez la Musique de Votre Film en NFT Unique avec Pix\u2019Elles Rhapsody Qu\u2019est-ce qu\u2019un NFT ?Un NFT (Jeton Non Fongible) est un objet num\u00e9rique unique qui prouve que vous poss\u00e9dez une \u0153uvre sp\u00e9cifique, comme une composition musicale. Il s\u2019agit d\u2019un certificat d\u2019authenticit\u00e9 num\u00e9rique qui garantit que [&hellip;]","og_url":"https:\/\/www.orchestralkit.film\/pixelles\/puzzles-videos-en-nft-pour-les-professionnels-de-l-audiovisuel\/","og_site_name":"KADOSCH Pix&#039;Elles Rhapsody","article_modified_time":"2024-11-14T12:17:53+00:00","twitter_card":"summary_large_image","twitter_misc":{"Dur\u00e9e de lecture estim\u00e9e":"3 minutes"},"schema":{"@context":"https:\/\/schema.org","@graph":[{"@type":"WebPage","@id":"https:\/\/www.orchestralkit.film\/pixelles\/puzzles-videos-en-nft-pour-les-professionnels-de-l-audiovisuel\/","url":"https:\/\/www.orchestralkit.film\/pixelles\/puzzles-videos-en-nft-pour-les-professionnels-de-l-audiovisuel\/","name":"Puzzles vid\u00e9o en NFT pour les professionnels de l\u2019audiovisuel - KADOSCH Pix&#039;Elles Rhapsody","isPartOf":{"@id":"https:\/\/www.orchestralkit.film\/pixelles\/#website"},"datePublished":"2024-02-04T14:40:49+00:00","dateModified":"2024-11-14T12:17:53+00:00","breadcrumb":{"@id":"https:\/\/www.orchestralkit.film\/pixelles\/puzzles-videos-en-nft-pour-les-professionnels-de-l-audiovisuel\/#breadcrumb"},"inLanguage":"fr-FR","potentialAction":[{"@type":"ReadAction","target":["https:\/\/www.orchestralkit.film\/pixelles\/puzzles-videos-en-nft-pour-les-professionnels-de-l-audiovisuel\/"]}]},{"@type":"BreadcrumbList","@id":"https:\/\/www.orchestralkit.film\/pixelles\/puzzles-videos-en-nft-pour-les-professionnels-de-l-audiovisuel\/#breadcrumb","itemListElement":[{"@type":"ListItem","position":1,"name":"Accueil","item":"https:\/\/www.orchestralkit.film\/pixelles\/"},{"@type":"ListItem","position":2,"name":"Puzzles vid\u00e9o en NFT pour les professionnels de l\u2019audiovisuel"}]},{"@type":"WebSite","@id":"https:\/\/www.orchestralkit.film\/pixelles\/#website","url":"https:\/\/www.orchestralkit.film\/pixelles\/","name":"KADOSCH Pix'Elles Rhapsody","description":"","publisher":{"@id":"https:\/\/www.orchestralkit.film\/pixelles\/#organization"},"potentialAction":[{"@type":"SearchAction","target":{"@type":"EntryPoint","urlTemplate":"https:\/\/www.orchestralkit.film\/pixelles\/?s={search_term_string}"},"query-input":{"@type":"PropertyValueSpecification","valueRequired":true,"valueName":"search_term_string"}}],"inLanguage":"fr-FR"},{"@type":"Organization","@id":"https:\/\/www.orchestralkit.film\/pixelles\/#organization","name":"KADOSCH Pix'Elles Rhapsody","url":"https:\/\/www.orchestralkit.film\/pixelles\/","logo":{"@type":"ImageObject","inLanguage":"fr-FR","@id":"https:\/\/www.orchestralkit.film\/pixelles\/#\/schema\/logo\/image\/","url":"https:\/\/www.orchestralkit.film\/pixelles\/wp-content\/uploads\/2022\/07\/cropped-ENTETE-PIXELLES-KADOSCH-1.png","contentUrl":"https:\/\/www.orchestralkit.film\/pixelles\/wp-content\/uploads\/2022\/07\/cropped-ENTETE-PIXELLES-KADOSCH-1.png","width":350,"height":100,"caption":"KADOSCH Pix'Elles Rhapsody"},"image":{"@id":"https:\/\/www.orchestralkit.film\/pixelles\/#\/schema\/logo\/image\/"}}]}},"_links":{"self":[{"href":"https:\/\/www.orchestralkit.film\/pixelles\/wp-json\/wp\/v2\/pages\/6470","targetHints":{"allow":["GET"]}}],"collection":[{"href":"https:\/\/www.orchestralkit.film\/pixelles\/wp-json\/wp\/v2\/pages"}],"about":[{"href":"https:\/\/www.orchestralkit.film\/pixelles\/wp-json\/wp\/v2\/types\/page"}],"author":[{"embeddable":true,"href":"https:\/\/www.orchestralkit.film\/pixelles\/wp-json\/wp\/v2\/users\/1"}],"replies":[{"embeddable":true,"href":"https:\/\/www.orchestralkit.film\/pixelles\/wp-json\/wp\/v2\/comments?post=6470"}],"version-history":[{"count":55,"href":"https:\/\/www.orchestralkit.film\/pixelles\/wp-json\/wp\/v2\/pages\/6470\/revisions"}],"predecessor-version":[{"id":7583,"href":"https:\/\/www.orchestralkit.film\/pixelles\/wp-json\/wp\/v2\/pages\/6470\/revisions\/7583"}],"wp:attachment":[{"href":"https:\/\/www.orchestralkit.film\/pixelles\/wp-json\/wp\/v2\/media?parent=6470"}],"curies":[{"name":"wp","href":"https:\/\/api.w.org\/{rel}","templated":true}]}}