{"id":6115,"date":"2023-11-08T17:18:26","date_gmt":"2023-11-08T16:18:26","guid":{"rendered":"https:\/\/www.orchestralkit.film\/pixelles\/?page_id=6115"},"modified":"2024-11-14T13:11:38","modified_gmt":"2024-11-14T12:11:38","slug":"l-histoire-de-pixelles-rhapsody","status":"publish","type":"page","link":"https:\/\/www.orchestralkit.film\/pixelles\/l-histoire-de-pixelles-rhapsody\/","title":{"rendered":"L&rsquo;histoire de Pix&rsquo;Elles Rhapsody"},"content":{"rendered":"\t\t<div data-elementor-type=\"wp-page\" data-elementor-id=\"6115\" class=\"elementor elementor-6115\" data-elementor-post-type=\"page\">\n\t\t\t\t\t\t<section class=\"elementor-section elementor-top-section elementor-element elementor-element-72e4441 elementor-section-boxed elementor-section-height-default elementor-section-height-default\" data-id=\"72e4441\" data-element_type=\"section\">\n\t\t\t\t\t\t<div class=\"elementor-container elementor-column-gap-default\">\n\t\t\t\t\t<div class=\"elementor-column elementor-col-100 elementor-top-column elementor-element elementor-element-ca31f08\" data-id=\"ca31f08\" data-element_type=\"column\">\n\t\t\t<div class=\"elementor-widget-wrap elementor-element-populated\">\n\t\t\t\t\t\t<section class=\"elementor-section elementor-inner-section elementor-element elementor-element-aa2e228 elementor-section-boxed elementor-section-height-default elementor-section-height-default\" data-id=\"aa2e228\" data-element_type=\"section\">\n\t\t\t\t\t\t<div class=\"elementor-container elementor-column-gap-default\">\n\t\t\t\t\t<div class=\"elementor-column elementor-col-100 elementor-inner-column elementor-element elementor-element-cd61940\" data-id=\"cd61940\" data-element_type=\"column\">\n\t\t\t<div class=\"elementor-widget-wrap elementor-element-populated\">\n\t\t\t\t\t\t<div class=\"elementor-element elementor-element-dfa16ad elementor-widget elementor-widget-heading\" data-id=\"dfa16ad\" data-element_type=\"widget\" data-widget_type=\"heading.default\">\n\t\t\t\t<div class=\"elementor-widget-container\">\n\t\t\t\t\t<h1 class=\"elementor-heading-title elementor-size-default\">L'histoire de Pix'Elles Rhapsody<\/h1>\t\t\t\t<\/div>\n\t\t\t\t<\/div>\n\t\t\t\t<div class=\"elementor-element elementor-element-8e4d42b elementor-widget elementor-widget-text-editor\" data-id=\"8e4d42b\" data-element_type=\"widget\" data-widget_type=\"text-editor.default\">\n\t\t\t\t<div class=\"elementor-widget-container\">\n\t\t\t\t\t\t\t\t\t<audio class=\"wp-audio-shortcode\" id=\"audio-6115-1\" preload=\"none\" style=\"width: 100%;\" controls=\"controls\"><source type=\"audio\/mpeg\" src=\"https:\/\/www.orchestralkit.film\/pixelles\/wp-content\/uploads\/2023\/12\/THE-PIXELLES-STORY-kadosch-FR.mp3?_=1\" \/><a href=\"https:\/\/www.orchestralkit.film\/pixelles\/wp-content\/uploads\/2023\/12\/THE-PIXELLES-STORY-kadosch-FR.mp3\">https:\/\/www.orchestralkit.film\/pixelles\/wp-content\/uploads\/2023\/12\/THE-PIXELLES-STORY-kadosch-FR.mp3<\/a><\/audio><p><span style=\"color: #0170b9;\"><strong>Le PixiPack en R\u00e9alit\u00e9 Augment\u00e9e \u00ab\u00a0Pix&rsquo;Elles Rhapsody\u00a0\u00bb<\/strong> <\/span>est le fruit de la cr\u00e9ativit\u00e9 de KADOSCH en studio d&rsquo;enregistrement multim\u00e9dia. Port\u00e9e par sa passion d\u00e9vorante, KADOSCH rassemble une \u00e9quipe de talents exceptionnels, parmi lesquels les chanteurs <span style=\"color: #0170b9;\"><em><strong>David LINX, Tet\u00ea ESPINDOLA, M\u00f4nica SALMASO, MAWACA, Roxane TERRAMORSI, Rosalie HARTOG, Ljuba de ANGELIS, Sueli GONDIM, Sandrine MONLEZUN, Luz MARINA, les solistes du Quark Sinfonietta, ainsi que la jeune et talentueuse artiste-peintre br\u00e9silienne, Maria de CERQUEIRA LEITE.<\/strong> <\/em><\/span>Ensemble, ils donnent vie \u00e0 une exp\u00e9rience unique o\u00f9 se m\u00ealent harmonieusement musique, peinture, technologie et cr\u00e9ativit\u00e9.<\/p><p>Chaque composition de <span style=\"color: #0170b9;\">\u00ab\u00a0<strong>Pix&rsquo;Elles Rhapsody<\/strong>\u00a0\u00bb<\/span> na\u00eet d&rsquo;une exploration musicale audacieuse, m\u00ealant avec gr\u00e2ce m\u00e9lodies orientales, rythmes impairs des Balkans, r\u00e9miniscences de la musique classique m\u00e9di\u00e9vale, grooves jazzy et pulsations aux couleurs br\u00e9siliennes.<\/p><p>Cet album en r\u00e9alit\u00e9 augment\u00e9e se transforme en un espace de rencontres musicales inattendues, o\u00f9 les barri\u00e8res de distance, de temps et d&rsquo;espace sont transcend\u00e9es. Quinze voix, repr\u00e9sentant diff\u00e9rentes cultures, g\u00e9n\u00e9rations et horizons, se rassemblent en une harmonie envo\u00fbtante, port\u00e9es par les solistes du Quark Sinfonietta.<\/p><p>Bien que li\u00e9e par la musique, la majorit\u00e9 de ces interpr\u00e8tes n&rsquo;a jamais eu l&rsquo;opportunit\u00e9 de se rencontrer en personne. Jouant avec les conventions spatio-temporelles, ils partagent leurs \u00e9motions, langues et talents dans une communion artistique sans pareille.<\/p><p>Les paroles de<span style=\"color: #0170b9;\"> \u00ab\u00a0<strong>Pix&rsquo;Elles Rhapsody<\/strong>\u00a0\u00bb<\/span> sont interpr\u00e9t\u00e9es en fran\u00e7ais, anglais, italien, portugais, ainsi qu&rsquo;en lin\u00e9aire B. Linear B\u00a0is a syllabic script that was used for writing in Mycenaean Greek, the earliest attested form of the Greek language.<\/p><p>S&rsquo;inspirant de la grammaire cin\u00e9matographique, l&rsquo;album s&rsquo;enrichit de flashbacks entre les plages musicales, les animations en r\u00e9alit\u00e9 augment\u00e9e de la pochette PixiPack, et les incrustations vid\u00e9os des chanteurs sur fond vert. Cette approche cr\u00e9e une exp\u00e9rience visuelle immersive et captivante, offrant un nouveau niveau d&rsquo;interaction entre la musique et l&rsquo;art visuel.<\/p><p>En explorant la r\u00e9alit\u00e9 augment\u00e9e et l&rsquo;intelligence artificielle \u00e0 travers son <span style=\"color: #0170b9;\"><strong>PixiPack<\/strong><\/span>,\u00a0 KADOSCH r\u00e9v\u00e8le la v\u00e9ritable signification de sa <span style=\"color: #0170b9;\">\u00ab <strong>Pix&rsquo;Elles Rhapsody<\/strong> \u00bb<\/span> et sa vision novatrice de compositeur. Chaque Pix&rsquo;Elle RA devient une peinture anim\u00e9e d\u2019inventivit\u00e9 math\u00e9matique, r\u00e9v\u00e9lant ainsi la profondeur de chaque parolier, la touche des arrangeurs et les interpr\u00e9tations des chanteurs et musiciens, offrant aux auditeurs une exp\u00e9rience musicale et visuelle unique. Cette rhapsodie multicolore se m\u00e9tamorphose pixel par pixel en une exp\u00e9rience musicale et visuelle in\u00e9dite.<\/p><p>Que vous soyez musicien, artiste visuel ou m\u00e9lomane en qu\u00eate d&rsquo;\u00e9vasion, <span style=\"color: #0170b9;\"><strong>\u00ab\u00a0Pix&rsquo;Elles Rhapsody\u00a0\u00bb<\/strong> <\/span>vous convie \u00e0 une exp\u00e9rience captivante. Plongez et laissez-vous emporter par cet univers o\u00f9 la fusion de la technologie et de l&rsquo;art cr\u00e9e un kal\u00e9idoscope sonore et visuel fascinant.<\/p>\t\t\t\t\t\t\t\t<\/div>\n\t\t\t\t<\/div>\n\t\t\t\t\t<\/div>\n\t\t<\/div>\n\t\t\t\t\t<\/div>\n\t\t<\/section>\n\t\t\t\t\t<\/div>\n\t\t<\/div>\n\t\t\t\t\t<\/div>\n\t\t<\/section>\n\t\t\t\t<\/div>\n\t\t","protected":false},"excerpt":{"rendered":"<p>L&rsquo;histoire de Pix&rsquo;Elles Rhapsody Le PixiPack en R\u00e9alit\u00e9 Augment\u00e9e \u00ab\u00a0Pix&rsquo;Elles Rhapsody\u00a0\u00bb est le fruit de la cr\u00e9ativit\u00e9 de KADOSCH en studio d&rsquo;enregistrement multim\u00e9dia. Port\u00e9e par sa passion d\u00e9vorante, KADOSCH rassemble une \u00e9quipe de talents exceptionnels, parmi lesquels les chanteurs David LINX, Tet\u00ea ESPINDOLA, M\u00f4nica SALMASO, MAWACA, Roxane TERRAMORSI, Rosalie HARTOG, Ljuba de ANGELIS, Sueli GONDIM, [&hellip;]<\/p>\n","protected":false},"author":1,"featured_media":0,"parent":0,"menu_order":0,"comment_status":"closed","ping_status":"closed","template":"","meta":{"site-sidebar-layout":"no-sidebar","site-content-layout":"page-builder","ast-site-content-layout":"full-width-container","site-content-style":"default","site-sidebar-style":"default","ast-global-header-display":"","ast-banner-title-visibility":"","ast-main-header-display":"","ast-hfb-above-header-display":"","ast-hfb-below-header-display":"","ast-hfb-mobile-header-display":"","site-post-title":"disabled","ast-breadcrumbs-content":"","ast-featured-img":"disabled","footer-sml-layout":"","theme-transparent-header-meta":"default","adv-header-id-meta":"","stick-header-meta":"","header-above-stick-meta":"","header-main-stick-meta":"","header-below-stick-meta":"","astra-migrate-meta-layouts":"set","ast-page-background-enabled":"default","ast-page-background-meta":{"desktop":{"background-color":"var(--ast-global-color-4)","background-image":"","background-repeat":"repeat","background-position":"center center","background-size":"auto","background-attachment":"scroll","background-type":"","background-media":"","overlay-type":"","overlay-color":"","overlay-opacity":"","overlay-gradient":""},"tablet":{"background-color":"","background-image":"","background-repeat":"repeat","background-position":"center center","background-size":"auto","background-attachment":"scroll","background-type":"","background-media":"","overlay-type":"","overlay-color":"","overlay-opacity":"","overlay-gradient":""},"mobile":{"background-color":"","background-image":"","background-repeat":"repeat","background-position":"center center","background-size":"auto","background-attachment":"scroll","background-type":"","background-media":"","overlay-type":"","overlay-color":"","overlay-opacity":"","overlay-gradient":""}},"ast-content-background-meta":{"desktop":{"background-color":"var(--ast-global-color-5)","background-image":"","background-repeat":"repeat","background-position":"center center","background-size":"auto","background-attachment":"scroll","background-type":"","background-media":"","overlay-type":"","overlay-color":"","overlay-opacity":"","overlay-gradient":""},"tablet":{"background-color":"var(--ast-global-color-5)","background-image":"","background-repeat":"repeat","background-position":"center center","background-size":"auto","background-attachment":"scroll","background-type":"","background-media":"","overlay-type":"","overlay-color":"","overlay-opacity":"","overlay-gradient":""},"mobile":{"background-color":"var(--ast-global-color-5)","background-image":"","background-repeat":"repeat","background-position":"center center","background-size":"auto","background-attachment":"scroll","background-type":"","background-media":"","overlay-type":"","overlay-color":"","overlay-opacity":"","overlay-gradient":""}},"footnotes":""},"class_list":["post-6115","page","type-page","status-publish","hentry"],"yoast_head":"<!-- This site is optimized with the Yoast SEO plugin v26.3 - https:\/\/yoast.com\/wordpress\/plugins\/seo\/ -->\n<title>L&#039;histoire de Pix&#039;Elles Rhapsody - KADOSCH Pix&#039;Elles Rhapsody<\/title>\n<meta name=\"description\" content=\"D\u00e9couvrez &quot;Pix\u2019Elles Rhapsody&quot;, un album en r\u00e9alit\u00e9 augment\u00e9e qui r\u00e9unit des talents musicaux et visuels du monde entier dans une exp\u00e9rience immersive et innovante. Explorez une fusion unique de musique, d&#039;art et de technologie qui transcende les fronti\u00e8res culturelles et temporelles pour cr\u00e9er un voyage sensoriel captivant.\" \/>\n<meta name=\"robots\" content=\"index, follow, max-snippet:-1, max-image-preview:large, max-video-preview:-1\" \/>\n<link rel=\"canonical\" href=\"https:\/\/www.orchestralkit.film\/pixelles\/l-histoire-de-pixelles-rhapsody\/\" \/>\n<meta property=\"og:locale\" content=\"fr_FR\" \/>\n<meta property=\"og:type\" content=\"article\" \/>\n<meta property=\"og:title\" content=\"L&#039;histoire de Pix&#039;Elles Rhapsody - KADOSCH Pix&#039;Elles Rhapsody\" \/>\n<meta property=\"og:description\" content=\"D\u00e9couvrez &quot;Pix\u2019Elles Rhapsody&quot;, un album en r\u00e9alit\u00e9 augment\u00e9e qui r\u00e9unit des talents musicaux et visuels du monde entier dans une exp\u00e9rience immersive et innovante. Explorez une fusion unique de musique, d&#039;art et de technologie qui transcende les fronti\u00e8res culturelles et temporelles pour cr\u00e9er un voyage sensoriel captivant.\" \/>\n<meta property=\"og:url\" content=\"https:\/\/www.orchestralkit.film\/pixelles\/l-histoire-de-pixelles-rhapsody\/\" \/>\n<meta property=\"og:site_name\" content=\"KADOSCH Pix&#039;Elles Rhapsody\" \/>\n<meta property=\"article:modified_time\" content=\"2024-11-14T12:11:38+00:00\" \/>\n<meta name=\"twitter:card\" content=\"summary_large_image\" \/>\n<meta name=\"twitter:label1\" content=\"Dur\u00e9e de lecture estim\u00e9e\" \/>\n\t<meta name=\"twitter:data1\" content=\"3 minutes\" \/>\n<script type=\"application\/ld+json\" class=\"yoast-schema-graph\">{\"@context\":\"https:\/\/schema.org\",\"@graph\":[{\"@type\":\"WebPage\",\"@id\":\"https:\/\/www.orchestralkit.film\/pixelles\/l-histoire-de-pixelles-rhapsody\/\",\"url\":\"https:\/\/www.orchestralkit.film\/pixelles\/l-histoire-de-pixelles-rhapsody\/\",\"name\":\"L'histoire de Pix'Elles Rhapsody - KADOSCH Pix&#039;Elles Rhapsody\",\"isPartOf\":{\"@id\":\"https:\/\/www.orchestralkit.film\/pixelles\/#website\"},\"datePublished\":\"2023-11-08T16:18:26+00:00\",\"dateModified\":\"2024-11-14T12:11:38+00:00\",\"description\":\"D\u00e9couvrez \\\"Pix\u2019Elles Rhapsody\\\", un album en r\u00e9alit\u00e9 augment\u00e9e qui r\u00e9unit des talents musicaux et visuels du monde entier dans une exp\u00e9rience immersive et innovante. Explorez une fusion unique de musique, d'art et de technologie qui transcende les fronti\u00e8res culturelles et temporelles pour cr\u00e9er un voyage sensoriel captivant.\",\"breadcrumb\":{\"@id\":\"https:\/\/www.orchestralkit.film\/pixelles\/l-histoire-de-pixelles-rhapsody\/#breadcrumb\"},\"inLanguage\":\"fr-FR\",\"potentialAction\":[{\"@type\":\"ReadAction\",\"target\":[\"https:\/\/www.orchestralkit.film\/pixelles\/l-histoire-de-pixelles-rhapsody\/\"]}]},{\"@type\":\"BreadcrumbList\",\"@id\":\"https:\/\/www.orchestralkit.film\/pixelles\/l-histoire-de-pixelles-rhapsody\/#breadcrumb\",\"itemListElement\":[{\"@type\":\"ListItem\",\"position\":1,\"name\":\"Accueil\",\"item\":\"https:\/\/www.orchestralkit.film\/pixelles\/\"},{\"@type\":\"ListItem\",\"position\":2,\"name\":\"L&rsquo;histoire de Pix&rsquo;Elles Rhapsody\"}]},{\"@type\":\"WebSite\",\"@id\":\"https:\/\/www.orchestralkit.film\/pixelles\/#website\",\"url\":\"https:\/\/www.orchestralkit.film\/pixelles\/\",\"name\":\"KADOSCH Pix'Elles Rhapsody\",\"description\":\"\",\"publisher\":{\"@id\":\"https:\/\/www.orchestralkit.film\/pixelles\/#organization\"},\"potentialAction\":[{\"@type\":\"SearchAction\",\"target\":{\"@type\":\"EntryPoint\",\"urlTemplate\":\"https:\/\/www.orchestralkit.film\/pixelles\/?s={search_term_string}\"},\"query-input\":{\"@type\":\"PropertyValueSpecification\",\"valueRequired\":true,\"valueName\":\"search_term_string\"}}],\"inLanguage\":\"fr-FR\"},{\"@type\":\"Organization\",\"@id\":\"https:\/\/www.orchestralkit.film\/pixelles\/#organization\",\"name\":\"KADOSCH Pix'Elles Rhapsody\",\"url\":\"https:\/\/www.orchestralkit.film\/pixelles\/\",\"logo\":{\"@type\":\"ImageObject\",\"inLanguage\":\"fr-FR\",\"@id\":\"https:\/\/www.orchestralkit.film\/pixelles\/#\/schema\/logo\/image\/\",\"url\":\"https:\/\/www.orchestralkit.film\/pixelles\/wp-content\/uploads\/2022\/07\/cropped-ENTETE-PIXELLES-KADOSCH-1.png\",\"contentUrl\":\"https:\/\/www.orchestralkit.film\/pixelles\/wp-content\/uploads\/2022\/07\/cropped-ENTETE-PIXELLES-KADOSCH-1.png\",\"width\":350,\"height\":100,\"caption\":\"KADOSCH Pix'Elles Rhapsody\"},\"image\":{\"@id\":\"https:\/\/www.orchestralkit.film\/pixelles\/#\/schema\/logo\/image\/\"}}]}<\/script>\n<!-- \/ Yoast SEO plugin. -->","yoast_head_json":{"title":"L'histoire de Pix'Elles Rhapsody - KADOSCH Pix&#039;Elles Rhapsody","description":"D\u00e9couvrez \"Pix\u2019Elles Rhapsody\", un album en r\u00e9alit\u00e9 augment\u00e9e qui r\u00e9unit des talents musicaux et visuels du monde entier dans une exp\u00e9rience immersive et innovante. Explorez une fusion unique de musique, d'art et de technologie qui transcende les fronti\u00e8res culturelles et temporelles pour cr\u00e9er un voyage sensoriel captivant.","robots":{"index":"index","follow":"follow","max-snippet":"max-snippet:-1","max-image-preview":"max-image-preview:large","max-video-preview":"max-video-preview:-1"},"canonical":"https:\/\/www.orchestralkit.film\/pixelles\/l-histoire-de-pixelles-rhapsody\/","og_locale":"fr_FR","og_type":"article","og_title":"L'histoire de Pix'Elles Rhapsody - KADOSCH Pix&#039;Elles Rhapsody","og_description":"D\u00e9couvrez \"Pix\u2019Elles Rhapsody\", un album en r\u00e9alit\u00e9 augment\u00e9e qui r\u00e9unit des talents musicaux et visuels du monde entier dans une exp\u00e9rience immersive et innovante. Explorez une fusion unique de musique, d'art et de technologie qui transcende les fronti\u00e8res culturelles et temporelles pour cr\u00e9er un voyage sensoriel captivant.","og_url":"https:\/\/www.orchestralkit.film\/pixelles\/l-histoire-de-pixelles-rhapsody\/","og_site_name":"KADOSCH Pix&#039;Elles Rhapsody","article_modified_time":"2024-11-14T12:11:38+00:00","twitter_card":"summary_large_image","twitter_misc":{"Dur\u00e9e de lecture estim\u00e9e":"3 minutes"},"schema":{"@context":"https:\/\/schema.org","@graph":[{"@type":"WebPage","@id":"https:\/\/www.orchestralkit.film\/pixelles\/l-histoire-de-pixelles-rhapsody\/","url":"https:\/\/www.orchestralkit.film\/pixelles\/l-histoire-de-pixelles-rhapsody\/","name":"L'histoire de Pix'Elles Rhapsody - KADOSCH Pix&#039;Elles Rhapsody","isPartOf":{"@id":"https:\/\/www.orchestralkit.film\/pixelles\/#website"},"datePublished":"2023-11-08T16:18:26+00:00","dateModified":"2024-11-14T12:11:38+00:00","description":"D\u00e9couvrez \"Pix\u2019Elles Rhapsody\", un album en r\u00e9alit\u00e9 augment\u00e9e qui r\u00e9unit des talents musicaux et visuels du monde entier dans une exp\u00e9rience immersive et innovante. Explorez une fusion unique de musique, d'art et de technologie qui transcende les fronti\u00e8res culturelles et temporelles pour cr\u00e9er un voyage sensoriel captivant.","breadcrumb":{"@id":"https:\/\/www.orchestralkit.film\/pixelles\/l-histoire-de-pixelles-rhapsody\/#breadcrumb"},"inLanguage":"fr-FR","potentialAction":[{"@type":"ReadAction","target":["https:\/\/www.orchestralkit.film\/pixelles\/l-histoire-de-pixelles-rhapsody\/"]}]},{"@type":"BreadcrumbList","@id":"https:\/\/www.orchestralkit.film\/pixelles\/l-histoire-de-pixelles-rhapsody\/#breadcrumb","itemListElement":[{"@type":"ListItem","position":1,"name":"Accueil","item":"https:\/\/www.orchestralkit.film\/pixelles\/"},{"@type":"ListItem","position":2,"name":"L&rsquo;histoire de Pix&rsquo;Elles Rhapsody"}]},{"@type":"WebSite","@id":"https:\/\/www.orchestralkit.film\/pixelles\/#website","url":"https:\/\/www.orchestralkit.film\/pixelles\/","name":"KADOSCH Pix'Elles Rhapsody","description":"","publisher":{"@id":"https:\/\/www.orchestralkit.film\/pixelles\/#organization"},"potentialAction":[{"@type":"SearchAction","target":{"@type":"EntryPoint","urlTemplate":"https:\/\/www.orchestralkit.film\/pixelles\/?s={search_term_string}"},"query-input":{"@type":"PropertyValueSpecification","valueRequired":true,"valueName":"search_term_string"}}],"inLanguage":"fr-FR"},{"@type":"Organization","@id":"https:\/\/www.orchestralkit.film\/pixelles\/#organization","name":"KADOSCH Pix'Elles Rhapsody","url":"https:\/\/www.orchestralkit.film\/pixelles\/","logo":{"@type":"ImageObject","inLanguage":"fr-FR","@id":"https:\/\/www.orchestralkit.film\/pixelles\/#\/schema\/logo\/image\/","url":"https:\/\/www.orchestralkit.film\/pixelles\/wp-content\/uploads\/2022\/07\/cropped-ENTETE-PIXELLES-KADOSCH-1.png","contentUrl":"https:\/\/www.orchestralkit.film\/pixelles\/wp-content\/uploads\/2022\/07\/cropped-ENTETE-PIXELLES-KADOSCH-1.png","width":350,"height":100,"caption":"KADOSCH Pix'Elles Rhapsody"},"image":{"@id":"https:\/\/www.orchestralkit.film\/pixelles\/#\/schema\/logo\/image\/"}}]}},"_links":{"self":[{"href":"https:\/\/www.orchestralkit.film\/pixelles\/wp-json\/wp\/v2\/pages\/6115","targetHints":{"allow":["GET"]}}],"collection":[{"href":"https:\/\/www.orchestralkit.film\/pixelles\/wp-json\/wp\/v2\/pages"}],"about":[{"href":"https:\/\/www.orchestralkit.film\/pixelles\/wp-json\/wp\/v2\/types\/page"}],"author":[{"embeddable":true,"href":"https:\/\/www.orchestralkit.film\/pixelles\/wp-json\/wp\/v2\/users\/1"}],"replies":[{"embeddable":true,"href":"https:\/\/www.orchestralkit.film\/pixelles\/wp-json\/wp\/v2\/comments?post=6115"}],"version-history":[{"count":104,"href":"https:\/\/www.orchestralkit.film\/pixelles\/wp-json\/wp\/v2\/pages\/6115\/revisions"}],"predecessor-version":[{"id":7568,"href":"https:\/\/www.orchestralkit.film\/pixelles\/wp-json\/wp\/v2\/pages\/6115\/revisions\/7568"}],"wp:attachment":[{"href":"https:\/\/www.orchestralkit.film\/pixelles\/wp-json\/wp\/v2\/media?parent=6115"}],"curies":[{"name":"wp","href":"https:\/\/api.w.org\/{rel}","templated":true}]}}